{"id":2385,"date":"2020-03-30T11:53:07","date_gmt":"2020-03-30T11:53:07","guid":{"rendered":"http:\/\/rrdesigntn.cluster028.hosting.ovh.net\/ra628947-ovh\/?post_type=product&#038;p=2385"},"modified":"2021-03-11T15:28:09","modified_gmt":"2021-03-11T15:28:09","slug":"erdnussoel-geroestet-econature","status":"publish","type":"product","link":"https:\/\/sabo1845.com\/de\/produkt\/erdnussoel-geroestet-econature\/","title":{"rendered":"Bio Erdnuss\u00f6l, econature"},"content":{"rendered":"<p>Dieses \u00d6l \u00fcberrascht mit einem intensiven Erdnussgeschmack. Es eignet sich hervorragend zum Kochen und Braten bei hohen Temperaturen sowie f\u00fcr die Zubereitung von Gerichten im Wok.<\/p>\n","protected":false},"excerpt":{"rendered":"<p>GER\u00d6STET<\/p>\n","protected":false},"featured_media":2386,"comment_status":"open","ping_status":"closed","template":"","meta":[],"product_cat":[135],"product_tag":[],"wpr_featured_image":["https:\/\/sabo1845.com\/wp-content\/uploads\/2020\/03\/OLIO-DI-ARACHIDE-PURO-BIO-TOSTATO-PF-250-ml-copy-386x1024_SM-150x150.jpg",150,150,true],"_links":{"self":[{"href":"https:\/\/sabo1845.com\/de\/wp-json\/wp\/v2\/product\/2385"}],"collection":[{"href":"https:\/\/sabo1845.com\/de\/wp-json\/wp\/v2\/product"}],"about":[{"href":"https:\/\/sabo1845.com\/de\/wp-json\/wp\/v2\/types\/product"}],"replies":[{"embeddable":true,"href":"https:\/\/sabo1845.com\/de\/wp-json\/wp\/v2\/comments?post=2385"}],"wp:featuredmedia":[{"embeddable":true,"href":"https:\/\/sabo1845.com\/de\/wp-json\/wp\/v2\/media\/2386"}],"wp:attachment":[{"href":"https:\/\/sabo1845.com\/de\/wp-json\/wp\/v2\/media?parent=2385"}],"wp:term":[{"taxonomy":"product_cat","embeddable":true,"href":"https:\/\/sabo1845.com\/de\/wp-json\/wp\/v2\/product_cat?post=2385"},{"taxonomy":"product_tag","embeddable":true,"href":"https:\/\/sabo1845.com\/de\/wp-json\/wp\/v2\/product_tag?post=2385"}],"curies":[{"name":"wp","href":"https:\/\/api.w.org\/{rel}","templated":true}]}}