{"id":2394,"date":"2020-03-30T12:11:55","date_gmt":"2020-03-30T12:11:55","guid":{"rendered":"http:\/\/rrdesigntn.cluster028.hosting.ovh.net\/ra628947-ovh\/?post_type=product&#038;p=2394"},"modified":"2024-01-22T07:39:31","modified_gmt":"2024-01-22T07:39:31","slug":"disteloel-econature","status":"publish","type":"product","link":"https:\/\/sabo1845.com\/de\/produkt\/disteloel-econature\/","title":{"rendered":"Bio Distel\u00f6l, econature"},"content":{"rendered":"<p>Besonders empfehlenswert f\u00fcr die kalte K\u00fcche. Hervorragend f\u00fcr die Zubereitung von rohem Gem\u00fcse und Salaten.<\/p>\n","protected":false},"excerpt":{"rendered":"<p>KALTGEPRESST<\/p>\n","protected":false},"featured_media":10049,"comment_status":"open","ping_status":"closed","template":"","meta":[],"product_cat":[135],"product_tag":[],"wpr_featured_image":["https:\/\/sabo1845.com\/wp-content\/uploads\/2020\/03\/ECONATURE-OLIO-DI-CARTAMO-500ml-1-2019-copy-150x150.jpg",150,150,true],"_links":{"self":[{"href":"https:\/\/sabo1845.com\/de\/wp-json\/wp\/v2\/product\/2394"}],"collection":[{"href":"https:\/\/sabo1845.com\/de\/wp-json\/wp\/v2\/product"}],"about":[{"href":"https:\/\/sabo1845.com\/de\/wp-json\/wp\/v2\/types\/product"}],"replies":[{"embeddable":true,"href":"https:\/\/sabo1845.com\/de\/wp-json\/wp\/v2\/comments?post=2394"}],"wp:featuredmedia":[{"embeddable":true,"href":"https:\/\/sabo1845.com\/de\/wp-json\/wp\/v2\/media\/10049"}],"wp:attachment":[{"href":"https:\/\/sabo1845.com\/de\/wp-json\/wp\/v2\/media?parent=2394"}],"wp:term":[{"taxonomy":"product_cat","embeddable":true,"href":"https:\/\/sabo1845.com\/de\/wp-json\/wp\/v2\/product_cat?post=2394"},{"taxonomy":"product_tag","embeddable":true,"href":"https:\/\/sabo1845.com\/de\/wp-json\/wp\/v2\/product_tag?post=2394"}],"curies":[{"name":"wp","href":"https:\/\/api.w.org\/{rel}","templated":true}]}}