{"id":2504,"date":"2020-04-16T11:54:33","date_gmt":"2020-04-16T11:54:33","guid":{"rendered":"http:\/\/rrdesigntn.cluster028.hosting.ovh.net\/ra628947-ovh\/?post_type=product&#038;p=2504"},"modified":"2025-01-20T14:05:12","modified_gmt":"2025-01-20T14:05:12","slug":"pflanzenoel","status":"publish","type":"product","link":"https:\/\/sabo1845.com\/de\/produkt\/pflanzenoel\/","title":{"rendered":"Pflanzen\u00f6l"},"content":{"rendered":"<p>Hochwertige Mischung von raffinierten \u00d6len aus Sonnenblumen- und Raps\u00f6l. Neutraler Geschmack, ideal f\u00fcr Mayonnaise, Saucen und die warme K\u00fcche.<\/p>\n","protected":false},"excerpt":{"rendered":"<p>Hochwertige Mischung von raffinierten \u00d6len aus Sonnenblumen- und Raps\u00f6l. Neutraler Geschmack, ideal f\u00fcr Mayonnaise, Saucen und die warme K\u00fcche.<\/p>\n","protected":false},"featured_media":10908,"comment_status":"open","ping_status":"closed","template":"","meta":[],"product_cat":[17,103,107],"product_tag":[],"wpr_featured_image":["https:\/\/sabo1845.com\/wp-content\/uploads\/2024\/12\/sabo_render_web_pflanzenol_1L-150x150.jpg",150,150,true],"_links":{"self":[{"href":"https:\/\/sabo1845.com\/de\/wp-json\/wp\/v2\/product\/2504"}],"collection":[{"href":"https:\/\/sabo1845.com\/de\/wp-json\/wp\/v2\/product"}],"about":[{"href":"https:\/\/sabo1845.com\/de\/wp-json\/wp\/v2\/types\/product"}],"replies":[{"embeddable":true,"href":"https:\/\/sabo1845.com\/de\/wp-json\/wp\/v2\/comments?post=2504"}],"wp:featuredmedia":[{"embeddable":true,"href":"https:\/\/sabo1845.com\/de\/wp-json\/wp\/v2\/media\/10908"}],"wp:attachment":[{"href":"https:\/\/sabo1845.com\/de\/wp-json\/wp\/v2\/media?parent=2504"}],"wp:term":[{"taxonomy":"product_cat","embeddable":true,"href":"https:\/\/sabo1845.com\/de\/wp-json\/wp\/v2\/product_cat?post=2504"},{"taxonomy":"product_tag","embeddable":true,"href":"https:\/\/sabo1845.com\/de\/wp-json\/wp\/v2\/product_tag?post=2504"}],"curies":[{"name":"wp","href":"https:\/\/api.w.org\/{rel}","templated":true}]}}