{"id":2838,"date":"2020-06-01T13:27:17","date_gmt":"2020-06-01T13:27:17","guid":{"rendered":"http:\/\/rrdesigntn.cluster028.hosting.ovh.net\/ra628947-ovh\/?post_type=product&#038;p=2838"},"modified":"2024-06-27T09:41:08","modified_gmt":"2024-06-27T09:41:08","slug":"olivenoel-riviera","status":"publish","type":"product","link":"https:\/\/sabo1845.com\/de\/produkt\/olivenoel-riviera\/","title":{"rendered":"Oliven\u00f6l Riviera"},"content":{"rendered":"<p>Oliven\u00f6l bestehend aus raffiniertem Oliven\u00f6l und nativem Oliven\u00f6l. Ideal f\u00fcr die kalte und warme K\u00fcche.<\/p>\n","protected":false},"excerpt":{"rendered":"<p>Oliven\u00f6l bestehend aus raffiniertem Oliven\u00f6l und nativem Oliven\u00f6l. Ideal f\u00fcr die kalte und warme K\u00fcche.<\/p>\n","protected":false},"featured_media":10514,"comment_status":"open","ping_status":"closed","template":"","meta":[],"product_cat":[104,107],"product_tag":[],"wpr_featured_image":["https:\/\/sabo1845.com\/wp-content\/uploads\/2024\/06\/bbox_render_WEB_riviera_v0-150x150.jpg",150,150,true],"_links":{"self":[{"href":"https:\/\/sabo1845.com\/de\/wp-json\/wp\/v2\/product\/2838"}],"collection":[{"href":"https:\/\/sabo1845.com\/de\/wp-json\/wp\/v2\/product"}],"about":[{"href":"https:\/\/sabo1845.com\/de\/wp-json\/wp\/v2\/types\/product"}],"replies":[{"embeddable":true,"href":"https:\/\/sabo1845.com\/de\/wp-json\/wp\/v2\/comments?post=2838"}],"wp:featuredmedia":[{"embeddable":true,"href":"https:\/\/sabo1845.com\/de\/wp-json\/wp\/v2\/media\/10514"}],"wp:attachment":[{"href":"https:\/\/sabo1845.com\/de\/wp-json\/wp\/v2\/media?parent=2838"}],"wp:term":[{"taxonomy":"product_cat","embeddable":true,"href":"https:\/\/sabo1845.com\/de\/wp-json\/wp\/v2\/product_cat?post=2838"},{"taxonomy":"product_tag","embeddable":true,"href":"https:\/\/sabo1845.com\/de\/wp-json\/wp\/v2\/product_tag?post=2838"}],"curies":[{"name":"wp","href":"https:\/\/api.w.org\/{rel}","templated":true}]}}