{"id":3305,"date":"2020-08-05T08:07:47","date_gmt":"2020-08-05T08:07:47","guid":{"rendered":"http:\/\/rrdesigntn.cluster028.hosting.ovh.net\/ra628947-ovh\/?post_type=product&#038;p=3305"},"modified":"2020-10-30T11:00:20","modified_gmt":"2020-10-30T11:00:20","slug":"bio-olivenoel-extra-vergine-mittelmeer","status":"publish","type":"product","link":"https:\/\/sabo1845.com\/de\/produkt\/bio-olivenoel-extra-vergine-mittelmeer\/","title":{"rendered":"Bio Oliven\u00f6l Extra Vergine"},"content":{"rendered":"<p>Eignet sich sowohl f\u00fcr die kalte K\u00fcche, als auch f\u00fcr Salate oder dampfgegarte Gerichte. Empfehlenswert f\u00fcr die warme K\u00fcche sowie zum D\u00fcnsten.<\/p>\n","protected":false},"excerpt":{"rendered":"<p>MITTELMEER<\/p>\n","protected":false},"featured_media":5931,"comment_status":"open","ping_status":"closed","template":"","meta":[],"product_cat":[104,108],"product_tag":[],"wpr_featured_image":["https:\/\/sabo1845.com\/wp-content\/uploads\/2020\/10\/Sabo_Bibox_neutro_20LT_WEB_evo_med-150x150.jpg",150,150,true],"_links":{"self":[{"href":"https:\/\/sabo1845.com\/de\/wp-json\/wp\/v2\/product\/3305"}],"collection":[{"href":"https:\/\/sabo1845.com\/de\/wp-json\/wp\/v2\/product"}],"about":[{"href":"https:\/\/sabo1845.com\/de\/wp-json\/wp\/v2\/types\/product"}],"replies":[{"embeddable":true,"href":"https:\/\/sabo1845.com\/de\/wp-json\/wp\/v2\/comments?post=3305"}],"wp:featuredmedia":[{"embeddable":true,"href":"https:\/\/sabo1845.com\/de\/wp-json\/wp\/v2\/media\/5931"}],"wp:attachment":[{"href":"https:\/\/sabo1845.com\/de\/wp-json\/wp\/v2\/media?parent=3305"}],"wp:term":[{"taxonomy":"product_cat","embeddable":true,"href":"https:\/\/sabo1845.com\/de\/wp-json\/wp\/v2\/product_cat?post=3305"},{"taxonomy":"product_tag","embeddable":true,"href":"https:\/\/sabo1845.com\/de\/wp-json\/wp\/v2\/product_tag?post=3305"}],"curies":[{"name":"wp","href":"https:\/\/api.w.org\/{rel}","templated":true}]}}