{"id":3907,"date":"2020-09-24T13:03:59","date_gmt":"2020-09-24T13:03:59","guid":{"rendered":"http:\/\/rrdesigntn.cluster028.hosting.ovh.net\/ra628947-ovh\/?post_type=product&#038;p=3907"},"modified":"2022-04-11T09:49:35","modified_gmt":"2022-04-11T09:49:35","slug":"traubenkernoel-3","status":"publish","type":"product","link":"https:\/\/sabo1845.com\/de\/produkt\/traubenkernoel-3\/","title":{"rendered":"Traubenkern\u00f6l"},"content":{"rendered":"<p>Dieses feine Traubenkern\u00f6l ist von heller Farbe und besonders leicht am Gaumen. Die kaltgepressten Traubenkerne schenken diesem \u00d6l einen leichten Essiggeschmack.<\/p>\n<p>Es ist vielseitig verwendbar in der kulinarischen K\u00fcche, wie zum Beispiel zur Herstellung von Saucen und zu Salaten ohne Beigabe von Essig.<\/p>\n","protected":false},"excerpt":{"rendered":"<p>Dieses feine Traubenkern\u00f6l ist von heller Farbe und besonders leicht am Gaumen. Die kaltgepressten Traubenkerne schenken diesem \u00d6l einen leichten<span class=\"excerpt-hellip\"> [\u2026]<\/span><\/p>\n","protected":false},"featured_media":6754,"comment_status":"open","ping_status":"closed","template":"","meta":[],"product_cat":[104,136,103],"product_tag":[],"wpr_featured_image":["https:\/\/sabo1845.com\/wp-content\/uploads\/2021\/08\/sabo_gc_vinacciolo_3d_c_250ml-150x150.jpg",150,150,true],"_links":{"self":[{"href":"https:\/\/sabo1845.com\/de\/wp-json\/wp\/v2\/product\/3907"}],"collection":[{"href":"https:\/\/sabo1845.com\/de\/wp-json\/wp\/v2\/product"}],"about":[{"href":"https:\/\/sabo1845.com\/de\/wp-json\/wp\/v2\/types\/product"}],"replies":[{"embeddable":true,"href":"https:\/\/sabo1845.com\/de\/wp-json\/wp\/v2\/comments?post=3907"}],"wp:featuredmedia":[{"embeddable":true,"href":"https:\/\/sabo1845.com\/de\/wp-json\/wp\/v2\/media\/6754"}],"wp:attachment":[{"href":"https:\/\/sabo1845.com\/de\/wp-json\/wp\/v2\/media?parent=3907"}],"wp:term":[{"taxonomy":"product_cat","embeddable":true,"href":"https:\/\/sabo1845.com\/de\/wp-json\/wp\/v2\/product_cat?post=3907"},{"taxonomy":"product_tag","embeddable":true,"href":"https:\/\/sabo1845.com\/de\/wp-json\/wp\/v2\/product_tag?post=3907"}],"curies":[{"name":"wp","href":"https:\/\/api.w.org\/{rel}","templated":true}]}}