{"id":5243,"date":"2020-10-14T07:05:59","date_gmt":"2020-10-14T07:05:59","guid":{"rendered":"https:\/\/aradesign.dev\/?post_type=product&#038;p=5243"},"modified":"2024-12-19T14:43:15","modified_gmt":"2024-12-19T14:43:15","slug":"bonfrit-sonne-erdnuss-copy","status":"publish","type":"product","link":"https:\/\/sabo1845.com\/de\/produkt\/bonfrit-sonne-erdnuss-copy\/","title":{"rendered":"RapsPlus, SONNE oder BonFrit \/ Triopack"},"content":{"rendered":"<p>F\u00fcr den gr\u00f6sseren Bedarf werden unsere Sabo Marken\u00f6le auch im Multipack (gestretcht) sortenrein geliefert.<\/p>\n<p>&#8211; RapsPlus (3 Flaschen \u00e0 1 Liter)<\/p>\n<p>&#8211; SONNE (3 Flaschen \u00e0 1 Liter)<\/p>\n<p>&#8211; BonFrit (Frittier\u00f6l) (3 Flaschen \u00e0 1 Liter)<\/p>\n","protected":false},"excerpt":{"rendered":"<p>F\u00fcr den gr\u00f6sseren Bedarf werden unsere Sabo Marken\u00f6le auch im Multipack (gestretcht) sortenrein geliefert. &#8211; RapsPlus (3 Flaschen \u00e0 1<span class=\"excerpt-hellip\"> [\u2026]<\/span><\/p>\n","protected":false},"featured_media":10944,"comment_status":"open","ping_status":"closed","template":"","meta":[],"product_cat":[104,107],"product_tag":[],"wpr_featured_image":["https:\/\/sabo1845.com\/wp-content\/uploads\/2024\/12\/sabo_render_web_tris_1L-150x150.jpg",150,150,true],"_links":{"self":[{"href":"https:\/\/sabo1845.com\/de\/wp-json\/wp\/v2\/product\/5243"}],"collection":[{"href":"https:\/\/sabo1845.com\/de\/wp-json\/wp\/v2\/product"}],"about":[{"href":"https:\/\/sabo1845.com\/de\/wp-json\/wp\/v2\/types\/product"}],"replies":[{"embeddable":true,"href":"https:\/\/sabo1845.com\/de\/wp-json\/wp\/v2\/comments?post=5243"}],"wp:featuredmedia":[{"embeddable":true,"href":"https:\/\/sabo1845.com\/de\/wp-json\/wp\/v2\/media\/10944"}],"wp:attachment":[{"href":"https:\/\/sabo1845.com\/de\/wp-json\/wp\/v2\/media?parent=5243"}],"wp:term":[{"taxonomy":"product_cat","embeddable":true,"href":"https:\/\/sabo1845.com\/de\/wp-json\/wp\/v2\/product_cat?post=5243"},{"taxonomy":"product_tag","embeddable":true,"href":"https:\/\/sabo1845.com\/de\/wp-json\/wp\/v2\/product_tag?post=5243"}],"curies":[{"name":"wp","href":"https:\/\/api.w.org\/{rel}","templated":true}]}}