{"id":5758,"date":"2020-10-28T11:09:03","date_gmt":"2020-10-28T11:09:03","guid":{"rendered":"https:\/\/aradesign.dev\/?post_type=product&#038;p=5758"},"modified":"2022-04-11T09:49:14","modified_gmt":"2022-04-11T09:49:14","slug":"rapsoel-kaltgepresst","status":"publish","type":"product","link":"https:\/\/sabo1845.com\/de\/produkt\/rapsoel-kaltgepresst\/","title":{"rendered":"Raps\u00f6l Kaltgepresst"},"content":{"rendered":"<p>Raps\u00f6l wird aus dem Samen des im Fr\u00fchjahr gelb bl\u00fchenden Rapses gewonnen. Unser kaltgepresstes, natives Raps\u00f6l hat eine gr\u00fcn-goldgelbe Farbe und schmeckt leicht nussig. Es ist ideal f\u00fcr Salate oder zum Verfeinern von Dips und Marinaden und eignet sich vor allem f\u00fcr die kalte K\u00fcche.<\/p>\n","protected":false},"excerpt":{"rendered":"<p>Raps\u00f6l wird aus dem Samen des im Fr\u00fchjahr gelb bl\u00fchenden Rapses gewonnen. Unser kaltgepresstes, natives Raps\u00f6l hat eine gr\u00fcn-goldgelbe Farbe<span class=\"excerpt-hellip\"> [\u2026]<\/span><\/p>\n","protected":false},"featured_media":6806,"comment_status":"open","ping_status":"closed","template":"","meta":[],"product_cat":[104,136,103],"product_tag":[],"wpr_featured_image":["https:\/\/sabo1845.com\/wp-content\/uploads\/2021\/08\/sabo_gc_colzafreddo_3d_c_500ml-150x150.jpg",150,150,true],"_links":{"self":[{"href":"https:\/\/sabo1845.com\/de\/wp-json\/wp\/v2\/product\/5758"}],"collection":[{"href":"https:\/\/sabo1845.com\/de\/wp-json\/wp\/v2\/product"}],"about":[{"href":"https:\/\/sabo1845.com\/de\/wp-json\/wp\/v2\/types\/product"}],"replies":[{"embeddable":true,"href":"https:\/\/sabo1845.com\/de\/wp-json\/wp\/v2\/comments?post=5758"}],"wp:featuredmedia":[{"embeddable":true,"href":"https:\/\/sabo1845.com\/de\/wp-json\/wp\/v2\/media\/6806"}],"wp:attachment":[{"href":"https:\/\/sabo1845.com\/de\/wp-json\/wp\/v2\/media?parent=5758"}],"wp:term":[{"taxonomy":"product_cat","embeddable":true,"href":"https:\/\/sabo1845.com\/de\/wp-json\/wp\/v2\/product_cat?post=5758"},{"taxonomy":"product_tag","embeddable":true,"href":"https:\/\/sabo1845.com\/de\/wp-json\/wp\/v2\/product_tag?post=5758"}],"curies":[{"name":"wp","href":"https:\/\/api.w.org\/{rel}","templated":true}]}}