{"id":6076,"date":"2020-11-26T16:08:11","date_gmt":"2020-11-26T16:08:11","guid":{"rendered":"https:\/\/sabo1845.com\/?post_type=product&#038;p=6076"},"modified":"2026-02-12T08:35:48","modified_gmt":"2026-02-12T08:35:48","slug":"olivenoel-extra-vergine-italien","status":"publish","type":"product","link":"https:\/\/sabo1845.com\/de\/produkt\/olivenoel-extra-vergine-italien\/","title":{"rendered":"Bio Oliven\u00f6l Extra Vergine, Italien"},"content":{"rendered":"<p>Geeignet f\u00fcr die kalte und warme K\u00fcche.<\/p>\n<p><strong>Dieses \u00d6l ist Bio Knospen zertifiziert.<\/strong><\/p>\n","protected":false},"excerpt":{"rendered":"<p>Geeignet f\u00fcr die kalte und warme K\u00fcche. Dieses \u00d6l ist Bio Knospen zertifiziert.<\/p>\n","protected":false},"featured_media":6224,"comment_status":"open","ping_status":"closed","template":"","meta":[],"product_cat":[397,103,107],"product_tag":[],"wpr_featured_image":["https:\/\/sabo1845.com\/wp-content\/uploads\/2020\/11\/Natura-Bio-mit-Knospe-1-150x150.jpg",150,150,true],"_links":{"self":[{"href":"https:\/\/sabo1845.com\/de\/wp-json\/wp\/v2\/product\/6076"}],"collection":[{"href":"https:\/\/sabo1845.com\/de\/wp-json\/wp\/v2\/product"}],"about":[{"href":"https:\/\/sabo1845.com\/de\/wp-json\/wp\/v2\/types\/product"}],"replies":[{"embeddable":true,"href":"https:\/\/sabo1845.com\/de\/wp-json\/wp\/v2\/comments?post=6076"}],"wp:featuredmedia":[{"embeddable":true,"href":"https:\/\/sabo1845.com\/de\/wp-json\/wp\/v2\/media\/6224"}],"wp:attachment":[{"href":"https:\/\/sabo1845.com\/de\/wp-json\/wp\/v2\/media?parent=6076"}],"wp:term":[{"taxonomy":"product_cat","embeddable":true,"href":"https:\/\/sabo1845.com\/de\/wp-json\/wp\/v2\/product_cat?post=6076"},{"taxonomy":"product_tag","embeddable":true,"href":"https:\/\/sabo1845.com\/de\/wp-json\/wp\/v2\/product_tag?post=6076"}],"curies":[{"name":"wp","href":"https:\/\/api.w.org\/{rel}","templated":true}]}}