{"id":7061,"date":"2021-09-16T06:41:59","date_gmt":"2021-09-16T06:41:59","guid":{"rendered":"https:\/\/sabo1845.com\/?post_type=product&#038;p=7061"},"modified":"2022-04-11T09:48:42","modified_gmt":"2022-04-11T09:48:42","slug":"avocadooel-2","status":"publish","type":"product","link":"https:\/\/sabo1845.com\/de\/produkt\/avocadooel-2\/","title":{"rendered":"Avocado\u00f6l"},"content":{"rendered":"<p>Ein \u00d6l von seidiger und leichter Konsistenz und in satter gr\u00fcner Farbe. Besonders geeignet f\u00fcr Salatsaucen, Marinaden und zum Verfeinern von Pasta, gegrilltem Fisch und Fleisch.<\/p>\n<p>&nbsp;<\/p>\n","protected":false},"excerpt":{"rendered":"<p>Ein \u00d6l von seidiger und leichter Konsistenz und in satter gr\u00fcner Farbe. Besonders geeignet f\u00fcr Salatsaucen, Marinaden und zum Verfeinern<span class=\"excerpt-hellip\"> [\u2026]<\/span><\/p>\n","protected":false},"featured_media":7125,"comment_status":"open","ping_status":"closed","template":"","meta":[],"product_cat":[104,136,103],"product_tag":[],"wpr_featured_image":["https:\/\/sabo1845.com\/wp-content\/uploads\/2021\/09\/sabo_gc_avocado_3d_c_250ml_v0-150x150.jpg",150,150,true],"_links":{"self":[{"href":"https:\/\/sabo1845.com\/de\/wp-json\/wp\/v2\/product\/7061"}],"collection":[{"href":"https:\/\/sabo1845.com\/de\/wp-json\/wp\/v2\/product"}],"about":[{"href":"https:\/\/sabo1845.com\/de\/wp-json\/wp\/v2\/types\/product"}],"replies":[{"embeddable":true,"href":"https:\/\/sabo1845.com\/de\/wp-json\/wp\/v2\/comments?post=7061"}],"wp:featuredmedia":[{"embeddable":true,"href":"https:\/\/sabo1845.com\/de\/wp-json\/wp\/v2\/media\/7125"}],"wp:attachment":[{"href":"https:\/\/sabo1845.com\/de\/wp-json\/wp\/v2\/media?parent=7061"}],"wp:term":[{"taxonomy":"product_cat","embeddable":true,"href":"https:\/\/sabo1845.com\/de\/wp-json\/wp\/v2\/product_cat?post=7061"},{"taxonomy":"product_tag","embeddable":true,"href":"https:\/\/sabo1845.com\/de\/wp-json\/wp\/v2\/product_tag?post=7061"}],"curies":[{"name":"wp","href":"https:\/\/api.w.org\/{rel}","templated":true}]}}