{"id":11186,"date":"2025-05-15T13:58:32","date_gmt":"2025-05-15T13:58:32","guid":{"rendered":"https:\/\/sabo1845.com\/?page_id=11186"},"modified":"2025-11-24T08:52:47","modified_gmt":"2025-11-24T08:52:47","slug":"concours","status":"publish","type":"page","link":"https:\/\/sabo1845.com\/fr\/concours\/","title":{"rendered":"Concours"},"content":{"rendered":"\n<div class=\"wp-block-group\"><div class=\"wp-block-group__inner-container is-layout-constrained wp-block-group-is-layout-constrained\">\n<div class=\"wp-block-group\"><div class=\"wp-block-group__inner-container is-layout-constrained wp-block-group-is-layout-constrained\">\n<div class=\"contest-intro\">\r\n    <h2>Gagnez un week-end de r\u00eave dans le Canton du Tessin\r\n<\/h2>\r\n    <p>R\u00e9pondez correctement \u00e0 la question du jeu-concours et gagnez l&#8217;un de nos prix fantastiques !<\/p>\r\n    <p class=\"contest-dates\">La date limite de participation est le 31\/10\/2025.<\/p>\r\n<\/div>\n<\/div><\/div>\n<\/div><\/div>\n\n\n\n<div class=\"prizes-container\">\n    <!-- Prize 1 -->\n    <div class=\"prize-box\">\n        <div class=\"prize-image\">\n            <img decoding=\"async\" src=\"https:\/\/sabo1845.com\/wp-content\/uploads\/2025\/05\/Gourmetbox-Sabo.png\" alt=\"Wochenende im Tessin\"\/>\n        <\/div>\n        <div class=\"prize-details\">\n            <h3>1 x Week-end dans le Canton du Tessin<\/h3>\n            <p>Un week-end inoubliable dans le Canton du Tessin pour deux personnes, incluant une nuit\u00e9e en demi-pension dans l&#8217;h\u00f4tel cinq \u00e9toiles : H\u00f4tel Giardino, Ascona\n            <\/p>\n        <\/div>\n    <\/div>\n    <!-- Prize 2 -->\n    <div class=\"prize-box\">\n        <div class=\"prize-image\">\n            <img decoding=\"async\" src=\"https:\/\/sabo1845.com\/wp-content\/uploads\/2025\/05\/2.png\" alt=\"Coop Gutscheine\"\/>\n        <\/div>\n        <div class=\"prize-details\">\n            <h3>3 x Bons d\u2019achat chez Coop d\u2019une valeur de 300 CHF<\/h3>\n            <p>Trois bons d\u2019achat chez Coop d\u2019une valeur de 300 CHF l\u2019un, \u00e0 utiliser dans toutes les succursales Coop en Suisse.\n            <\/p>\n        <\/div>\n    <\/div>\n    <!-- Prize 3 -->\n    <div class=\"prize-box\">\n        <div class=\"prize-image\">\n            <img decoding=\"async\" src=\"https:\/\/sabo1845.com\/wp-content\/uploads\/2025\/05\/3.png\" alt=\"Sabo Gourmet Selection\"\/>\n        <\/div>\n        <div class=\"prize-details\">\n            <h3>5 x Sabo Gourmet S\u00e9lection<\/h3>\n            <p>S\u00e9lection exclusive de nos meilleures huiles d\u2019olive et de nos sp\u00e9cialit\u00e9s les plus raffin\u00e9es dans un coffret cadeau contenant les meilleurs produits Sabo.\n            <\/p>\n        <\/div>\n    <\/div>\n<\/div>\n\n<!-- Contest Ended Block -->\n<div style=\"background-color: var(--light-gray); border-radius: 12px; padding: 60px 40px; text-align: center; margin: 40px 0;\">\n\n    <!-- Icon -->\n    <div style=\"width: 80px; height: 80px; background: rgba(0,0,0,0.05); border-radius: 50%; margin: 0 auto 30px; display: flex; align-items: center; justify-content: center;\">\n        <svg xmlns=\"http:\/\/www.w3.org\/2000\/svg\" width=\"40\" height=\"40\" viewbox=\"0 0 24 24\" fill=\"none\" stroke=\"#000000\" stroke-width=\"2\" stroke-linecap=\"round\" stroke-linejoin=\"round\">\n            <circle cx=\"12\" cy=\"12\" r=\"10\"><\/circle>\n            <polyline points=\"12 6 12 12 16 14\"><\/polyline>\n        <\/svg>\n    <\/div>\n\n    <!-- Main Message -->\n    <p style=\"color: #000000; font-size: 24px; line-height: 1.6; margin: 0 0 15px 0; font-weight: 600;\">\n        Le concours est termin\u00e9.\n    <\/p>\n\n   <!-- Gewinner Wettbewerb: -->\n<div>\n    <h3 style=\"color: #000000; font-size: 18px; margin-bottom: 10px;\">\n        Gagnants du concours:\n    <\/h3>\n\n    <p style=\"color: #000000; font-size: 16px; line-height: 1.6; margin: 0;\">\n        <strong>Week-end dans le Canton du Tessin:<\/strong><br>\n        Franziska Maria von Arx, Schenkon\n    <\/p>\n\n    <p style=\"color: #000000; font-size: 16px; line-height: 1.6; margin-top: 15px;\">\n        <strong>Bons d&#8217;achat chez Coop:<\/strong><br>\n        Blaise Crettex, Martigny<br>\n        Rudolf Lichtensteiger, H\u00e4gendorf<br>\n        Francois Bauduin, D\u00fcbendorf\n    <\/p>\n\n    <p style=\"color: #000000; font-size: 16px; line-height: 1.6; margin-top: 15px;\">\n        <strong>Sabo Gourmet S\u00e9lection:<\/strong><br>\n        Heinz Gisler, Walenstadt<br>\nMonika M\u00fcller, Solothurn<br>\nMilo Bur, Aarau<br>\nRinalda Biolzi, Minusio<br>\nLinda Senn, Gansingen<br>\n\n\n\n\n    <\/p>\n<\/div>\n\n\n<\/div>\n","protected":false},"excerpt":{"rendered":"<p>Gagnez un week-end de r\u00eave dans le Canton du Tessin R\u00e9pondez correctement \u00e0 la question du jeu-concours et gagnez l&#8217;un<span class=\"excerpt-hellip\"> [\u2026]<\/span><\/p>\n","protected":false},"author":1,"featured_media":0,"parent":0,"menu_order":0,"comment_status":"closed","ping_status":"closed","template":"sabo-contest\/page-sabo-contest.php","meta":{"footnotes":""},"_links":{"self":[{"href":"https:\/\/sabo1845.com\/fr\/wp-json\/wp\/v2\/pages\/11186"}],"collection":[{"href":"https:\/\/sabo1845.com\/fr\/wp-json\/wp\/v2\/pages"}],"about":[{"href":"https:\/\/sabo1845.com\/fr\/wp-json\/wp\/v2\/types\/page"}],"author":[{"embeddable":true,"href":"https:\/\/sabo1845.com\/fr\/wp-json\/wp\/v2\/users\/1"}],"replies":[{"embeddable":true,"href":"https:\/\/sabo1845.com\/fr\/wp-json\/wp\/v2\/comments?post=11186"}],"version-history":[{"count":5,"href":"https:\/\/sabo1845.com\/fr\/wp-json\/wp\/v2\/pages\/11186\/revisions"}],"predecessor-version":[{"id":11765,"href":"https:\/\/sabo1845.com\/fr\/wp-json\/wp\/v2\/pages\/11186\/revisions\/11765"}],"wp:attachment":[{"href":"https:\/\/sabo1845.com\/fr\/wp-json\/wp\/v2\/media?parent=11186"}],"curies":[{"name":"wp","href":"https:\/\/api.w.org\/{rel}","templated":true}]}}