{"id":10346,"date":"2024-04-04T08:01:42","date_gmt":"2024-04-04T08:01:42","guid":{"rendered":"https:\/\/sabo1845.com\/?post_type=product&#038;p=10346"},"modified":"2024-06-26T08:43:22","modified_gmt":"2024-06-26T08:43:22","slug":"olive-bratoel","status":"publish","type":"product","link":"https:\/\/sabo1845.com\/fr\/produit\/olive-bratoel\/","title":{"rendered":"Huile pour la cuisson Olive"},"content":{"rendered":"<div class=\"flex flex-grow flex-col max-w-full\">\n<div class=\"min-h-[20px] text-message flex flex-col items-start gap-3 whitespace-pre-wrap break-words [.text-message+&amp;]:mt-5 overflow-x-auto\" data-message-author-role=\"assistant\" data-message-id=\"197538b3-e583-47ed-b0a0-0c91c1433f45\">\n<div class=\"markdown prose w-full break-words dark:prose-invert light\">\n<p>D\u00e9couvrez notre huile de cuisson <strong>Olive<\/strong> : un m\u00e9lange \u00e9quilibr\u00e9 d&#8217;huile d&#8217;olive et d&#8217;huile de tournesol Haute Ol\u00e9ique. Cette sp\u00e9ciale combinaison conf\u00e8re \u00e0 votre cuisine m\u00e9diterran\u00e9enne, qu&#8217;elle soit froide ou chaude, une polyvalence unique.<\/p>\n<p>Notre huile de cuisson se distingue par sa haute teneur en huile d&#8217;olive extra vierge, appr\u00e9ci\u00e9e pour son go\u00fbt fruit\u00e9 intense. L&#8217;huile de tournesol Haute Ol\u00e9ique garantie une optimale pr\u00e9disposition \u00e0 la cuisson.<\/p>\n<p>C&#8217;est un excellent choix comme assaisonnement pour les salades, les marinades et les sauces, ainsi que pour la cuisson \u00e0 haute temp\u00e9rature.<\/p>\n<\/div>\n<\/div>\n<\/div>\n","protected":false},"excerpt":{"rendered":"<p>D\u00e9couvrez notre huile de cuisson Olive : un m\u00e9lange \u00e9quilibr\u00e9 d&#8217;huile d&#8217;olive et d&#8217;huile de tournesol Haute Ol\u00e9ique. Cette sp\u00e9ciale<span class=\"excerpt-hellip\"> [\u2026]<\/span><\/p>\n","protected":false},"featured_media":10477,"comment_status":"open","ping_status":"closed","template":"","meta":[],"product_cat":[166,179],"product_tag":[],"wpr_featured_image":["https:\/\/sabo1845.com\/wp-content\/uploads\/2024\/06\/2024_Bratol_12L_Sabo-150x150.jpg",150,150,true],"_links":{"self":[{"href":"https:\/\/sabo1845.com\/fr\/wp-json\/wp\/v2\/product\/10346"}],"collection":[{"href":"https:\/\/sabo1845.com\/fr\/wp-json\/wp\/v2\/product"}],"about":[{"href":"https:\/\/sabo1845.com\/fr\/wp-json\/wp\/v2\/types\/product"}],"replies":[{"embeddable":true,"href":"https:\/\/sabo1845.com\/fr\/wp-json\/wp\/v2\/comments?post=10346"}],"wp:featuredmedia":[{"embeddable":true,"href":"https:\/\/sabo1845.com\/fr\/wp-json\/wp\/v2\/media\/10477"}],"wp:attachment":[{"href":"https:\/\/sabo1845.com\/fr\/wp-json\/wp\/v2\/media?parent=10346"}],"wp:term":[{"taxonomy":"product_cat","embeddable":true,"href":"https:\/\/sabo1845.com\/fr\/wp-json\/wp\/v2\/product_cat?post=10346"},{"taxonomy":"product_tag","embeddable":true,"href":"https:\/\/sabo1845.com\/fr\/wp-json\/wp\/v2\/product_tag?post=10346"}],"curies":[{"name":"wp","href":"https:\/\/api.w.org\/{rel}","templated":true}]}}