{"id":11063,"date":"2025-03-06T11:03:11","date_gmt":"2025-03-06T11:03:11","guid":{"rendered":"https:\/\/sabo1845.com\/?post_type=product&#038;p=11063"},"modified":"2025-03-13T08:55:15","modified_gmt":"2025-03-13T08:55:15","slug":"huile-de-tournesol-copy","status":"publish","type":"product","link":"https:\/\/sabo1845.com\/fr\/produit\/huile-de-tournesol-copy\/","title":{"rendered":"Huile de p\u00e9pins de raison"},"content":{"rendered":"<p data-start=\"0\" data-end=\"91\">Notre huile de p\u00e9pins de raisin a une couleur claire et une texture l\u00e9g\u00e8re en bouche.<\/p>\n<p data-start=\"93\" data-end=\"301\" data-is-last-node=\"\" data-is-only-node=\"\">L&#8217;huile de p\u00e9pins de raisin est id\u00e9ale pour la cuisine chaude et froide. Elle convient parfaitement aux salades et aux vinaigrettes, ainsi qu&#8217;\u00e0 la marinade, la friture, le braisage et la cuisson \u00e0 l&#8217;\u00e9touff\u00e9e.<\/p>\n<p>&nbsp;<\/p>\n","protected":false},"excerpt":{"rendered":"<p>Notre huile de p\u00e9pins de raisin a une couleur claire et une texture l\u00e9g\u00e8re en bouche. L&#8217;huile de p\u00e9pins de<span class=\"excerpt-hellip\"> [\u2026]<\/span><\/p>\n","protected":false},"featured_media":11073,"comment_status":"open","ping_status":"closed","template":"","meta":[],"product_cat":[170,179],"product_tag":[],"wpr_featured_image":["https:\/\/sabo1845.com\/wp-content\/uploads\/2025\/03\/sabo_render_vinacciolo_500ml-1-e1741859303545-150x150.jpg",150,150,true],"_links":{"self":[{"href":"https:\/\/sabo1845.com\/fr\/wp-json\/wp\/v2\/product\/11063"}],"collection":[{"href":"https:\/\/sabo1845.com\/fr\/wp-json\/wp\/v2\/product"}],"about":[{"href":"https:\/\/sabo1845.com\/fr\/wp-json\/wp\/v2\/types\/product"}],"replies":[{"embeddable":true,"href":"https:\/\/sabo1845.com\/fr\/wp-json\/wp\/v2\/comments?post=11063"}],"wp:featuredmedia":[{"embeddable":true,"href":"https:\/\/sabo1845.com\/fr\/wp-json\/wp\/v2\/media\/11073"}],"wp:attachment":[{"href":"https:\/\/sabo1845.com\/fr\/wp-json\/wp\/v2\/media?parent=11063"}],"wp:term":[{"taxonomy":"product_cat","embeddable":true,"href":"https:\/\/sabo1845.com\/fr\/wp-json\/wp\/v2\/product_cat?post=11063"},{"taxonomy":"product_tag","embeddable":true,"href":"https:\/\/sabo1845.com\/fr\/wp-json\/wp\/v2\/product_tag?post=11063"}],"curies":[{"name":"wp","href":"https:\/\/api.w.org\/{rel}","templated":true}]}}