{"id":11278,"date":"2025-06-04T14:41:57","date_gmt":"2025-06-04T14:41:57","guid":{"rendered":"https:\/\/sabo1845.com\/?post_type=product&#038;p=11278"},"modified":"2025-06-04T14:44:43","modified_gmt":"2025-06-04T14:44:43","slug":"huile-de-tournesol-h-o-copy","status":"publish","type":"product","link":"https:\/\/sabo1845.com\/fr\/produit\/huile-de-tournesol-h-o-copy\/","title":{"rendered":"Huile de friture"},"content":{"rendered":"<p>Cette huile v\u00e9g\u00e9tale est une huile de cuisson riche en graisses mono-insatur\u00e9es et donc stable m\u00eame \u00e0 des temp\u00e9ratures \u00e9lev\u00e9es. L\u2019huile id\u00e9ale pour la friture et la cuisson.<\/p>\n","protected":false},"excerpt":{"rendered":"<p>Cette huile v\u00e9g\u00e9tale est une huile de cuisson riche en graisses mono-insatur\u00e9es et donc stable m\u00eame \u00e0 des temp\u00e9ratures \u00e9lev\u00e9es.<span class=\"excerpt-hellip\"> [\u2026]<\/span><\/p>\n","protected":false},"featured_media":11262,"comment_status":"open","ping_status":"closed","template":"","meta":[],"product_cat":[166,179],"product_tag":[],"wpr_featured_image":["https:\/\/sabo1845.com\/wp-content\/uploads\/2025\/06\/bbox_render_WEB_fritdore_12-150x150.jpg",150,150,true],"_links":{"self":[{"href":"https:\/\/sabo1845.com\/fr\/wp-json\/wp\/v2\/product\/11278"}],"collection":[{"href":"https:\/\/sabo1845.com\/fr\/wp-json\/wp\/v2\/product"}],"about":[{"href":"https:\/\/sabo1845.com\/fr\/wp-json\/wp\/v2\/types\/product"}],"replies":[{"embeddable":true,"href":"https:\/\/sabo1845.com\/fr\/wp-json\/wp\/v2\/comments?post=11278"}],"wp:featuredmedia":[{"embeddable":true,"href":"https:\/\/sabo1845.com\/fr\/wp-json\/wp\/v2\/media\/11262"}],"wp:attachment":[{"href":"https:\/\/sabo1845.com\/fr\/wp-json\/wp\/v2\/media?parent=11278"}],"wp:term":[{"taxonomy":"product_cat","embeddable":true,"href":"https:\/\/sabo1845.com\/fr\/wp-json\/wp\/v2\/product_cat?post=11278"},{"taxonomy":"product_tag","embeddable":true,"href":"https:\/\/sabo1845.com\/fr\/wp-json\/wp\/v2\/product_tag?post=11278"}],"curies":[{"name":"wp","href":"https:\/\/api.w.org\/{rel}","templated":true}]}}