{"id":11302,"date":"2025-06-05T07:19:00","date_gmt":"2025-06-05T07:19:00","guid":{"rendered":"https:\/\/sabo1845.com\/?post_type=product&#038;p=11302"},"modified":"2025-06-05T11:26:53","modified_gmt":"2025-06-05T11:26:53","slug":"huile-dolive-copy","status":"publish","type":"product","link":"https:\/\/sabo1845.com\/fr\/produit\/huile-dolive-copy\/","title":{"rendered":"Huile d&#8217;olive vierge extra m\u00e9diterran\u00e9enne"},"content":{"rendered":"<p>Premi\u00e8re qualit\u00e9 \u2013 obtenu directement \u00e0 partir d\u2019olives uniquement par un proc\u00e9d\u00e9 de pression \u00e0 froid m\u00e9canique. Ar\u00f4me doux et sucr\u00e9, go\u00fbt harmonieux. Convient aussi bien \u00e0 la cuisine froide et chaude qu\u2019\u00e0 la friture.<\/p>\n","protected":false},"excerpt":{"rendered":"<p><br data-mce-bogus=\"1\"><\/p>\n","protected":false},"featured_media":11315,"comment_status":"open","ping_status":"closed","template":"","meta":[],"product_cat":[170,179],"product_tag":[],"wpr_featured_image":["https:\/\/sabo1845.com\/wp-content\/uploads\/2025\/06\/Sabo_1L_TK-150x150.png",150,150,true],"_links":{"self":[{"href":"https:\/\/sabo1845.com\/fr\/wp-json\/wp\/v2\/product\/11302"}],"collection":[{"href":"https:\/\/sabo1845.com\/fr\/wp-json\/wp\/v2\/product"}],"about":[{"href":"https:\/\/sabo1845.com\/fr\/wp-json\/wp\/v2\/types\/product"}],"replies":[{"embeddable":true,"href":"https:\/\/sabo1845.com\/fr\/wp-json\/wp\/v2\/comments?post=11302"}],"wp:featuredmedia":[{"embeddable":true,"href":"https:\/\/sabo1845.com\/fr\/wp-json\/wp\/v2\/media\/11315"}],"wp:attachment":[{"href":"https:\/\/sabo1845.com\/fr\/wp-json\/wp\/v2\/media?parent=11302"}],"wp:term":[{"taxonomy":"product_cat","embeddable":true,"href":"https:\/\/sabo1845.com\/fr\/wp-json\/wp\/v2\/product_cat?post=11302"},{"taxonomy":"product_tag","embeddable":true,"href":"https:\/\/sabo1845.com\/fr\/wp-json\/wp\/v2\/product_tag?post=11302"}],"curies":[{"name":"wp","href":"https:\/\/api.w.org\/{rel}","templated":true}]}}