{"id":11512,"date":"2025-07-24T12:26:42","date_gmt":"2025-07-24T12:26:42","guid":{"rendered":"https:\/\/sabo1845.com\/?post_type=product&#038;p=11512"},"modified":"2025-07-24T12:46:47","modified_gmt":"2025-07-24T12:46:47","slug":"huile-pour-friture-copy","status":"publish","type":"product","link":"https:\/\/sabo1845.com\/fr\/produit\/huile-pour-friture-copy\/","title":{"rendered":"Huile pour friture suisse"},"content":{"rendered":"<p data-start=\"94\" data-end=\"495\">Les <a href=\"https:\/\/sabo1845.com\/it\/materia-prima\/\">tournesols High Oleic<\/a> ont \u00e9t\u00e9 sp\u00e9cialement s\u00e9lectionn\u00e9s pour obtenir une huile v\u00e9g\u00e9tale id\u00e9ale pour la friture. Notre <strong data-start=\"216\" data-end=\"245\">huile pour frire et r\u00f4tir<\/strong> se distingue par son go\u00fbt neutre et sa grande r\u00e9sistance \u00e0 la chaleur. Gr\u00e2ce \u00e0 la <strong data-start=\"328\" data-end=\"361\">certification Suisse Garantie<\/strong> et \u00e0 l\u2019<strong data-start=\"369\" data-end=\"401\">origine exclusivement suisse<\/strong> des tournesols, nous garantissons un produit r\u00e9pondant aux plus hauts standards de qualit\u00e9.<\/p>\n<p data-start=\"497\" data-end=\"626\">Par des contr\u00f4les continus et rigoureux, nous assurons un <strong data-start=\"555\" data-end=\"585\">niveau de qualit\u00e9 constant<\/strong> ainsi qu\u2019un <strong data-start=\"598\" data-end=\"623\">go\u00fbt \u00e9quilibr\u00e9 et pur<\/strong>.<\/p>\n<p>&nbsp;<\/p>\n","protected":false},"excerpt":{"rendered":"<p>Les tournesols High Oleic ont \u00e9t\u00e9 sp\u00e9cialement s\u00e9lectionn\u00e9s pour obtenir une huile v\u00e9g\u00e9tale id\u00e9ale pour la friture. Notre huile pour<span class=\"excerpt-hellip\"> [\u2026]<\/span><\/p>\n","protected":false},"featured_media":11508,"comment_status":"open","ping_status":"closed","template":"","meta":[],"product_cat":[166,170,179],"product_tag":[],"wpr_featured_image":["https:\/\/sabo1845.com\/wp-content\/uploads\/2025\/07\/sabo_girasole_ch_frittier_2L_3d_v0-150x150.jpg",150,150,true],"_links":{"self":[{"href":"https:\/\/sabo1845.com\/fr\/wp-json\/wp\/v2\/product\/11512"}],"collection":[{"href":"https:\/\/sabo1845.com\/fr\/wp-json\/wp\/v2\/product"}],"about":[{"href":"https:\/\/sabo1845.com\/fr\/wp-json\/wp\/v2\/types\/product"}],"replies":[{"embeddable":true,"href":"https:\/\/sabo1845.com\/fr\/wp-json\/wp\/v2\/comments?post=11512"}],"wp:featuredmedia":[{"embeddable":true,"href":"https:\/\/sabo1845.com\/fr\/wp-json\/wp\/v2\/media\/11508"}],"wp:attachment":[{"href":"https:\/\/sabo1845.com\/fr\/wp-json\/wp\/v2\/media?parent=11512"}],"wp:term":[{"taxonomy":"product_cat","embeddable":true,"href":"https:\/\/sabo1845.com\/fr\/wp-json\/wp\/v2\/product_cat?post=11512"},{"taxonomy":"product_tag","embeddable":true,"href":"https:\/\/sabo1845.com\/fr\/wp-json\/wp\/v2\/product_tag?post=11512"}],"curies":[{"name":"wp","href":"https:\/\/api.w.org\/{rel}","templated":true}]}}