{"id":11795,"date":"2025-12-04T14:45:58","date_gmt":"2025-12-04T14:45:58","guid":{"rendered":"https:\/\/sabo1845.com\/?post_type=product&#038;p=11795"},"modified":"2025-12-04T16:09:16","modified_gmt":"2025-12-04T16:09:16","slug":"huile-dolive-vierge-extra-mediterraneenne-copy-2","status":"publish","type":"product","link":"https:\/\/sabo1845.com\/fr\/produit\/huile-dolive-vierge-extra-mediterraneenne-copy-2\/","title":{"rendered":"Huile d&#8217;olive vierge extra m\u00e9diterran\u00e9enne spray"},"content":{"rendered":"<p>Premi\u00e8re qualit\u00e9 \u2013 obtenu directement \u00e0 partir d\u2019olives uniquement par un proc\u00e9d\u00e9 de pression \u00e0 froid m\u00e9canique. Ar\u00f4me doux et sucr\u00e9, go\u00fbt harmonieux. Convient aussi bien \u00e0 la cuisine froide et chaude qu\u2019\u00e0 la friture.<\/p>\n<p data-start=\"124\" data-end=\"442\">&#8211; Dosage pr\u00e9cise et \u00e9conomique<br data-start=\"156\" data-end=\"159\" \/>&#8211; Application nette\u00a0<br data-start=\"215\" data-end=\"218\" \/>&#8211; Polyvalence maximale\u00a0<br data-start=\"303\" data-end=\"306\" \/>&#8211; 100 % huile d\u2019olive vierge extra issue des meilleurs terroirs m\u00e9diterran\u00e9ens<br data-start=\"386\" data-end=\"389\" \/><\/p>\n","protected":false},"excerpt":{"rendered":"<p><br data-mce-bogus=\"1\"><\/p>\n","protected":false},"featured_media":11803,"comment_status":"open","ping_status":"closed","template":"","meta":[],"product_cat":[170,179],"product_tag":[],"wpr_featured_image":["https:\/\/sabo1845.com\/wp-content\/uploads\/2025\/12\/sabo_EVO_spray_200ml-150x150.png",150,150,true],"_links":{"self":[{"href":"https:\/\/sabo1845.com\/fr\/wp-json\/wp\/v2\/product\/11795"}],"collection":[{"href":"https:\/\/sabo1845.com\/fr\/wp-json\/wp\/v2\/product"}],"about":[{"href":"https:\/\/sabo1845.com\/fr\/wp-json\/wp\/v2\/types\/product"}],"replies":[{"embeddable":true,"href":"https:\/\/sabo1845.com\/fr\/wp-json\/wp\/v2\/comments?post=11795"}],"wp:featuredmedia":[{"embeddable":true,"href":"https:\/\/sabo1845.com\/fr\/wp-json\/wp\/v2\/media\/11803"}],"wp:attachment":[{"href":"https:\/\/sabo1845.com\/fr\/wp-json\/wp\/v2\/media?parent=11795"}],"wp:term":[{"taxonomy":"product_cat","embeddable":true,"href":"https:\/\/sabo1845.com\/fr\/wp-json\/wp\/v2\/product_cat?post=11795"},{"taxonomy":"product_tag","embeddable":true,"href":"https:\/\/sabo1845.com\/fr\/wp-json\/wp\/v2\/product_tag?post=11795"}],"curies":[{"name":"wp","href":"https:\/\/api.w.org\/{rel}","templated":true}]}}