{"id":3841,"date":"2020-06-01T13:27:17","date_gmt":"2020-06-01T13:27:17","guid":{"rendered":"http:\/\/rrdesigntn.cluster028.hosting.ovh.net\/ra628947-ovh\/product\/huile-dolive-riviera\/"},"modified":"2020-10-22T06:59:20","modified_gmt":"2020-10-22T06:59:20","slug":"huile-dolive-riviera","status":"publish","type":"product","link":"https:\/\/sabo1845.com\/fr\/produit\/huile-dolive-riviera\/","title":{"rendered":"Huile d&#8217;olive &#8211; Riviera"},"content":{"rendered":"<p>Huile d&#8217;olive compos\u00e9e d&#8217;huiles d&#8217;olive raffin\u00e9es et d&#8217;huiles d&#8217;olive vierges. Id\u00e9ale aussi bien crue que cuite.<\/p>\n","protected":false},"excerpt":{"rendered":"<p>Huile d&#8217;olive compos\u00e9e d&#8217;huiles d&#8217;olive raffin\u00e9es et d&#8217;huiles d&#8217;olive vierges. Id\u00e9ale aussi bien crue que cuite.<\/p>\n","protected":false},"featured_media":10516,"comment_status":"open","ping_status":"closed","template":"","meta":[],"product_cat":[166,179],"product_tag":[],"wpr_featured_image":["https:\/\/sabo1845.com\/wp-content\/uploads\/2024\/06\/bbox_render_WEB_riviera_v0-150x150.jpg",150,150,true],"_links":{"self":[{"href":"https:\/\/sabo1845.com\/fr\/wp-json\/wp\/v2\/product\/3841"}],"collection":[{"href":"https:\/\/sabo1845.com\/fr\/wp-json\/wp\/v2\/product"}],"about":[{"href":"https:\/\/sabo1845.com\/fr\/wp-json\/wp\/v2\/types\/product"}],"replies":[{"embeddable":true,"href":"https:\/\/sabo1845.com\/fr\/wp-json\/wp\/v2\/comments?post=3841"}],"wp:featuredmedia":[{"embeddable":true,"href":"https:\/\/sabo1845.com\/fr\/wp-json\/wp\/v2\/media\/10516"}],"wp:attachment":[{"href":"https:\/\/sabo1845.com\/fr\/wp-json\/wp\/v2\/media?parent=3841"}],"wp:term":[{"taxonomy":"product_cat","embeddable":true,"href":"https:\/\/sabo1845.com\/fr\/wp-json\/wp\/v2\/product_cat?post=3841"},{"taxonomy":"product_tag","embeddable":true,"href":"https:\/\/sabo1845.com\/fr\/wp-json\/wp\/v2\/product_tag?post=3841"}],"curies":[{"name":"wp","href":"https:\/\/api.w.org\/{rel}","templated":true}]}}