{"id":3843,"date":"2019-11-07T22:23:50","date_gmt":"2019-11-07T22:23:50","guid":{"rendered":"http:\/\/rrdesigntn.cluster028.hosting.ovh.net\/ra628947-ovh\/product\/huile-dolive-extra-vierge-italie\/"},"modified":"2021-03-18T14:55:19","modified_gmt":"2021-03-18T14:55:19","slug":"huile-dolive-extra-vierge-italie","status":"publish","type":"product","link":"https:\/\/sabo1845.com\/fr\/produit\/huile-dolive-extra-vierge-italie\/","title":{"rendered":"Huile d&#8217;olive vierge extra, Italie"},"content":{"rendered":"<p>Huile d&#8217;olive de cat\u00e9gorie sup\u00e9rieure obtenue directement des olives italiennes et uniquement par des proc\u00e9d\u00e9s m\u00e9caniques. Puissante et harmonieuse, cette huile pr\u00e9sente une saveur fruit\u00e9e et vive avec un fond d&#8217;amande douce. Id\u00e9ale aussi bien crue que pour la cuisson \u00e0 des temp\u00e9ratures \u00e9lev\u00e9es.<\/p>\n","protected":false},"excerpt":{"rendered":"<p>Huile d&#8217;olive de cat\u00e9gorie sup\u00e9rieure obtenue directement des olives italiennes et uniquement par des proc\u00e9d\u00e9s m\u00e9caniques. Puissante et harmonieuse, cette<span class=\"excerpt-hellip\"> [\u2026]<\/span><\/p>\n","protected":false},"featured_media":9048,"comment_status":"open","ping_status":"closed","template":"","meta":[],"product_cat":[170,179],"product_tag":[],"wpr_featured_image":["https:\/\/sabo1845.com\/wp-content\/uploads\/2023\/04\/sabo_render_olio_23_1-150x150.jpg",150,150,true],"_links":{"self":[{"href":"https:\/\/sabo1845.com\/fr\/wp-json\/wp\/v2\/product\/3843"}],"collection":[{"href":"https:\/\/sabo1845.com\/fr\/wp-json\/wp\/v2\/product"}],"about":[{"href":"https:\/\/sabo1845.com\/fr\/wp-json\/wp\/v2\/types\/product"}],"replies":[{"embeddable":true,"href":"https:\/\/sabo1845.com\/fr\/wp-json\/wp\/v2\/comments?post=3843"}],"wp:featuredmedia":[{"embeddable":true,"href":"https:\/\/sabo1845.com\/fr\/wp-json\/wp\/v2\/media\/9048"}],"wp:attachment":[{"href":"https:\/\/sabo1845.com\/fr\/wp-json\/wp\/v2\/media?parent=3843"}],"wp:term":[{"taxonomy":"product_cat","embeddable":true,"href":"https:\/\/sabo1845.com\/fr\/wp-json\/wp\/v2\/product_cat?post=3843"},{"taxonomy":"product_tag","embeddable":true,"href":"https:\/\/sabo1845.com\/fr\/wp-json\/wp\/v2\/product_tag?post=3843"}],"curies":[{"name":"wp","href":"https:\/\/api.w.org\/{rel}","templated":true}]}}