{"id":3849,"date":"2019-11-07T22:23:49","date_gmt":"2019-11-07T22:23:49","guid":{"rendered":"http:\/\/rrdesigntn.cluster028.hosting.ovh.net\/ra628947-ovh\/product\/huile-dolive\/"},"modified":"2020-10-15T12:17:59","modified_gmt":"2020-10-15T12:17:59","slug":"huile-dolive","status":"publish","type":"product","link":"https:\/\/sabo1845.com\/fr\/produit\/huile-dolive\/","title":{"rendered":"Huile d&#8217;olive"},"content":{"rendered":"<p>Cette huile au go\u00fbt neutre se pr\u00eate \u00e0 de nombreuses utilisations en cuisine, id\u00e9ale aussi bien crue que cuite.<\/p>\n<p><br data-mce-bogus=\"1\"><\/p>\n","protected":false},"excerpt":{"rendered":"<p><br data-mce-bogus=\"1\"><\/p>\n","protected":false},"featured_media":9197,"comment_status":"open","ping_status":"closed","template":"","meta":[],"product_cat":[170,179],"product_tag":[],"wpr_featured_image":["https:\/\/sabo1845.com\/wp-content\/uploads\/2023\/05\/sabo_bott_raffinato_web-2-150x150.jpg",150,150,true],"_links":{"self":[{"href":"https:\/\/sabo1845.com\/fr\/wp-json\/wp\/v2\/product\/3849"}],"collection":[{"href":"https:\/\/sabo1845.com\/fr\/wp-json\/wp\/v2\/product"}],"about":[{"href":"https:\/\/sabo1845.com\/fr\/wp-json\/wp\/v2\/types\/product"}],"replies":[{"embeddable":true,"href":"https:\/\/sabo1845.com\/fr\/wp-json\/wp\/v2\/comments?post=3849"}],"wp:featuredmedia":[{"embeddable":true,"href":"https:\/\/sabo1845.com\/fr\/wp-json\/wp\/v2\/media\/9197"}],"wp:attachment":[{"href":"https:\/\/sabo1845.com\/fr\/wp-json\/wp\/v2\/media?parent=3849"}],"wp:term":[{"taxonomy":"product_cat","embeddable":true,"href":"https:\/\/sabo1845.com\/fr\/wp-json\/wp\/v2\/product_cat?post=3849"},{"taxonomy":"product_tag","embeddable":true,"href":"https:\/\/sabo1845.com\/fr\/wp-json\/wp\/v2\/product_tag?post=3849"}],"curies":[{"name":"wp","href":"https:\/\/api.w.org\/{rel}","templated":true}]}}