{"id":3854,"date":"2020-03-30T12:11:55","date_gmt":"2020-03-30T12:11:55","guid":{"rendered":"http:\/\/rrdesigntn.cluster028.hosting.ovh.net\/ra628947-ovh\/product\/huile-de-carthame\/"},"modified":"2021-12-06T13:55:04","modified_gmt":"2021-12-06T13:55:04","slug":"huile-de-carthame","status":"publish","type":"product","link":"https:\/\/sabo1845.com\/fr\/produit\/huile-de-carthame\/","title":{"rendered":"Huile de carthame biologique, econature"},"content":{"rendered":"<p>Il est recommand\u00e9 de l&#8217;utiliser crue. Conseill\u00e9e sur les crudit\u00e9s, la salade et pour la pr\u00e9paration de vinaigrettes.<\/p>\n","protected":false},"excerpt":{"rendered":"<p>PRESSEE A FROID<\/p>\n","protected":false},"featured_media":10051,"comment_status":"open","ping_status":"closed","template":"","meta":[],"product_cat":[188],"product_tag":[],"wpr_featured_image":["https:\/\/sabo1845.com\/wp-content\/uploads\/2020\/03\/ECONATURE-OLIO-DI-CARTAMO-500ml-1-2019-copy-150x150.jpg",150,150,true],"_links":{"self":[{"href":"https:\/\/sabo1845.com\/fr\/wp-json\/wp\/v2\/product\/3854"}],"collection":[{"href":"https:\/\/sabo1845.com\/fr\/wp-json\/wp\/v2\/product"}],"about":[{"href":"https:\/\/sabo1845.com\/fr\/wp-json\/wp\/v2\/types\/product"}],"replies":[{"embeddable":true,"href":"https:\/\/sabo1845.com\/fr\/wp-json\/wp\/v2\/comments?post=3854"}],"wp:featuredmedia":[{"embeddable":true,"href":"https:\/\/sabo1845.com\/fr\/wp-json\/wp\/v2\/media\/10051"}],"wp:attachment":[{"href":"https:\/\/sabo1845.com\/fr\/wp-json\/wp\/v2\/media?parent=3854"}],"wp:term":[{"taxonomy":"product_cat","embeddable":true,"href":"https:\/\/sabo1845.com\/fr\/wp-json\/wp\/v2\/product_cat?post=3854"},{"taxonomy":"product_tag","embeddable":true,"href":"https:\/\/sabo1845.com\/fr\/wp-json\/wp\/v2\/product_tag?post=3854"}],"curies":[{"name":"wp","href":"https:\/\/api.w.org\/{rel}","templated":true}]}}