{"id":3856,"date":"2019-11-07T22:24:34","date_gmt":"2019-11-07T22:24:34","guid":{"rendered":"http:\/\/rrdesigntn.cluster028.hosting.ovh.net\/ra628947-ovh\/product\/huile-de-chanvre\/"},"modified":"2021-12-06T13:55:35","modified_gmt":"2021-12-06T13:55:35","slug":"huile-de-chanvre","status":"publish","type":"product","link":"https:\/\/sabo1845.com\/fr\/produit\/huile-de-chanvre\/","title":{"rendered":"Huile de chanvre biologique, econature"},"content":{"rendered":"<p>L\u2019 huile de chanvre rappelle la noisette et a un l\u00e9ger ar\u00f4me herbac\u00e9. Id\u00e9ale pour accompagner vos plats froids, l\u00e9gumes ou poissons. Riche en acides gras omega 3, avec un ratio de 1:3 par rapport aux omega 6.<\/p>\n","protected":false},"excerpt":{"rendered":"<p>PRESSEE A FROID<\/p>\n","protected":false},"featured_media":5160,"comment_status":"open","ping_status":"closed","template":"","meta":[],"product_cat":[188],"product_tag":[],"wpr_featured_image":["https:\/\/sabo1845.com\/wp-content\/uploads\/2019\/11\/ECONATURE-OLIO-DI-CANAPA_250ml-copy-2-386x1024_SM-1-150x150.jpg",150,150,true],"_links":{"self":[{"href":"https:\/\/sabo1845.com\/fr\/wp-json\/wp\/v2\/product\/3856"}],"collection":[{"href":"https:\/\/sabo1845.com\/fr\/wp-json\/wp\/v2\/product"}],"about":[{"href":"https:\/\/sabo1845.com\/fr\/wp-json\/wp\/v2\/types\/product"}],"replies":[{"embeddable":true,"href":"https:\/\/sabo1845.com\/fr\/wp-json\/wp\/v2\/comments?post=3856"}],"wp:featuredmedia":[{"embeddable":true,"href":"https:\/\/sabo1845.com\/fr\/wp-json\/wp\/v2\/media\/5160"}],"wp:attachment":[{"href":"https:\/\/sabo1845.com\/fr\/wp-json\/wp\/v2\/media?parent=3856"}],"wp:term":[{"taxonomy":"product_cat","embeddable":true,"href":"https:\/\/sabo1845.com\/fr\/wp-json\/wp\/v2\/product_cat?post=3856"},{"taxonomy":"product_tag","embeddable":true,"href":"https:\/\/sabo1845.com\/fr\/wp-json\/wp\/v2\/product_tag?post=3856"}],"curies":[{"name":"wp","href":"https:\/\/api.w.org\/{rel}","templated":true}]}}