{"id":3863,"date":"2019-11-07T22:23:35","date_gmt":"2019-11-07T22:23:35","guid":{"rendered":"http:\/\/rrdesigntn.cluster028.hosting.ovh.net\/ra628947-ovh\/product\/huile-de-noisette-econature\/"},"modified":"2021-03-11T15:57:52","modified_gmt":"2021-03-11T15:57:52","slug":"huile-de-noisette-econature","status":"publish","type":"product","link":"https:\/\/sabo1845.com\/fr\/produit\/huile-de-noisette-econature\/","title":{"rendered":"Huile de noisette biologique, econature"},"content":{"rendered":"<p>Cette huile est irr\u00e9sistible dans la pr\u00e9paration de p\u00e2tisseries et autres plats cuits au four.<\/p>\n","protected":false},"excerpt":{"rendered":"<p>PRESSEE A FROID<\/p>\n","protected":false},"featured_media":5180,"comment_status":"open","ping_status":"closed","template":"","meta":[],"product_cat":[188],"product_tag":[],"wpr_featured_image":["https:\/\/sabo1845.com\/wp-content\/uploads\/2019\/11\/ECONATURE-OLIO-DI-NOCCIOLA_100ml-01-2019-copy-1-300x500_SM-150x150.jpg",150,150,true],"_links":{"self":[{"href":"https:\/\/sabo1845.com\/fr\/wp-json\/wp\/v2\/product\/3863"}],"collection":[{"href":"https:\/\/sabo1845.com\/fr\/wp-json\/wp\/v2\/product"}],"about":[{"href":"https:\/\/sabo1845.com\/fr\/wp-json\/wp\/v2\/types\/product"}],"replies":[{"embeddable":true,"href":"https:\/\/sabo1845.com\/fr\/wp-json\/wp\/v2\/comments?post=3863"}],"wp:featuredmedia":[{"embeddable":true,"href":"https:\/\/sabo1845.com\/fr\/wp-json\/wp\/v2\/media\/5180"}],"wp:attachment":[{"href":"https:\/\/sabo1845.com\/fr\/wp-json\/wp\/v2\/media?parent=3863"}],"wp:term":[{"taxonomy":"product_cat","embeddable":true,"href":"https:\/\/sabo1845.com\/fr\/wp-json\/wp\/v2\/product_cat?post=3863"},{"taxonomy":"product_tag","embeddable":true,"href":"https:\/\/sabo1845.com\/fr\/wp-json\/wp\/v2\/product_tag?post=3863"}],"curies":[{"name":"wp","href":"https:\/\/api.w.org\/{rel}","templated":true}]}}