{"id":3869,"date":"2019-11-07T22:23:34","date_gmt":"2019-11-07T22:23:34","guid":{"rendered":"http:\/\/rrdesigntn.cluster028.hosting.ovh.net\/ra628947-ovh\/product\/huile-de-sesame-econature\/"},"modified":"2021-12-06T14:02:50","modified_gmt":"2021-12-06T14:02:50","slug":"huile-de-sesame-econature","status":"publish","type":"product","link":"https:\/\/sabo1845.com\/fr\/produit\/huile-de-sesame-econature\/","title":{"rendered":"Huile de s\u00e9same biologique, econature"},"content":{"rendered":"<p>Conseill\u00e9e pour les salades, les sauces, les plats cuits \u00e0 la vapeur, les r\u00f4tis et les recettes orientales.<\/p>\n","protected":false},"excerpt":{"rendered":"<p>TOASTEE<\/p>\n","protected":false},"featured_media":2383,"comment_status":"open","ping_status":"closed","template":"","meta":[],"product_cat":[188],"product_tag":[],"wpr_featured_image":["https:\/\/sabo1845.com\/wp-content\/uploads\/2019\/11\/ECONATURE-OLIO-DI-SESAMO_250-ml-copy-2-386x1024_SM-150x150.jpg",150,150,true],"_links":{"self":[{"href":"https:\/\/sabo1845.com\/fr\/wp-json\/wp\/v2\/product\/3869"}],"collection":[{"href":"https:\/\/sabo1845.com\/fr\/wp-json\/wp\/v2\/product"}],"about":[{"href":"https:\/\/sabo1845.com\/fr\/wp-json\/wp\/v2\/types\/product"}],"replies":[{"embeddable":true,"href":"https:\/\/sabo1845.com\/fr\/wp-json\/wp\/v2\/comments?post=3869"}],"wp:featuredmedia":[{"embeddable":true,"href":"https:\/\/sabo1845.com\/fr\/wp-json\/wp\/v2\/media\/2383"}],"wp:attachment":[{"href":"https:\/\/sabo1845.com\/fr\/wp-json\/wp\/v2\/media?parent=3869"}],"wp:term":[{"taxonomy":"product_cat","embeddable":true,"href":"https:\/\/sabo1845.com\/fr\/wp-json\/wp\/v2\/product_cat?post=3869"},{"taxonomy":"product_tag","embeddable":true,"href":"https:\/\/sabo1845.com\/fr\/wp-json\/wp\/v2\/product_tag?post=3869"}],"curies":[{"name":"wp","href":"https:\/\/api.w.org\/{rel}","templated":true}]}}