{"id":3875,"date":"2019-11-07T22:23:26","date_gmt":"2019-11-07T22:23:26","guid":{"rendered":"http:\/\/rrdesigntn.cluster028.hosting.ovh.net\/ra628947-ovh\/product\/huile-de-tournesol-econature\/"},"modified":"2021-03-11T15:58:49","modified_gmt":"2021-03-11T15:58:49","slug":"huile-de-tournesol-econature","status":"publish","type":"product","link":"https:\/\/sabo1845.com\/fr\/produit\/huile-de-tournesol-econature\/","title":{"rendered":"Huile de tournesol Bio-Frit, econature"},"content":{"rendered":"<p>Huile \u00e0 base de tournesol High Oleic, adapt\u00e9e \u00e0 des temp\u00e9ratures de cuisson \u00e9lev\u00e9es, id\u00e9ale pour la friture.<\/p>\n","protected":false},"excerpt":{"rendered":"<p>HIGH OLEIC<\/p>\n","protected":false},"featured_media":5172,"comment_status":"open","ping_status":"closed","template":"","meta":[],"product_cat":[188],"product_tag":[],"wpr_featured_image":["https:\/\/sabo1845.com\/wp-content\/uploads\/2019\/11\/ECONATURE-OLIO-DI-GIRASOLE-BIOFRIT-750ml-1-2019-420x1024_SM-150x150.jpg",150,150,true],"_links":{"self":[{"href":"https:\/\/sabo1845.com\/fr\/wp-json\/wp\/v2\/product\/3875"}],"collection":[{"href":"https:\/\/sabo1845.com\/fr\/wp-json\/wp\/v2\/product"}],"about":[{"href":"https:\/\/sabo1845.com\/fr\/wp-json\/wp\/v2\/types\/product"}],"replies":[{"embeddable":true,"href":"https:\/\/sabo1845.com\/fr\/wp-json\/wp\/v2\/comments?post=3875"}],"wp:featuredmedia":[{"embeddable":true,"href":"https:\/\/sabo1845.com\/fr\/wp-json\/wp\/v2\/media\/5172"}],"wp:attachment":[{"href":"https:\/\/sabo1845.com\/fr\/wp-json\/wp\/v2\/media?parent=3875"}],"wp:term":[{"taxonomy":"product_cat","embeddable":true,"href":"https:\/\/sabo1845.com\/fr\/wp-json\/wp\/v2\/product_cat?post=3875"},{"taxonomy":"product_tag","embeddable":true,"href":"https:\/\/sabo1845.com\/fr\/wp-json\/wp\/v2\/product_tag?post=3875"}],"curies":[{"name":"wp","href":"https:\/\/api.w.org\/{rel}","templated":true}]}}