{"id":3902,"date":"2020-03-30T11:53:07","date_gmt":"2020-03-30T11:53:07","guid":{"rendered":"http:\/\/rrdesigntn.cluster028.hosting.ovh.net\/ra628947-ovh\/product\/huile-darachide-econature\/"},"modified":"2021-12-06T13:55:17","modified_gmt":"2021-12-06T13:55:17","slug":"huile-darachide-econature","status":"publish","type":"product","link":"https:\/\/sabo1845.com\/fr\/produit\/huile-darachide-econature\/","title":{"rendered":"Huile d&#8217;arachide biologique, econature"},"content":{"rendered":"<p>Cette huile surprend par un go\u00fbt intense d&#8217;arachide. Elle est id\u00e9ale pour cuire et frire \u00e0 haute temp\u00e9rature ainsi que pour pr\u00e9parer des plats au wok.<\/p>\n","protected":false},"excerpt":{"rendered":"<p>TOASTEE<\/p>\n","protected":false},"featured_media":2388,"comment_status":"open","ping_status":"closed","template":"","meta":[],"product_cat":[188],"product_tag":[],"wpr_featured_image":["https:\/\/sabo1845.com\/wp-content\/uploads\/2020\/03\/OLIO-DI-ARACHIDE-PURO-BIO-TOSTATO-PF-250-ml-copy-386x1024_SM-150x150.jpg",150,150,true],"_links":{"self":[{"href":"https:\/\/sabo1845.com\/fr\/wp-json\/wp\/v2\/product\/3902"}],"collection":[{"href":"https:\/\/sabo1845.com\/fr\/wp-json\/wp\/v2\/product"}],"about":[{"href":"https:\/\/sabo1845.com\/fr\/wp-json\/wp\/v2\/types\/product"}],"replies":[{"embeddable":true,"href":"https:\/\/sabo1845.com\/fr\/wp-json\/wp\/v2\/comments?post=3902"}],"wp:featuredmedia":[{"embeddable":true,"href":"https:\/\/sabo1845.com\/fr\/wp-json\/wp\/v2\/media\/2388"}],"wp:attachment":[{"href":"https:\/\/sabo1845.com\/fr\/wp-json\/wp\/v2\/media?parent=3902"}],"wp:term":[{"taxonomy":"product_cat","embeddable":true,"href":"https:\/\/sabo1845.com\/fr\/wp-json\/wp\/v2\/product_cat?post=3902"},{"taxonomy":"product_tag","embeddable":true,"href":"https:\/\/sabo1845.com\/fr\/wp-json\/wp\/v2\/product_tag?post=3902"}],"curies":[{"name":"wp","href":"https:\/\/api.w.org\/{rel}","templated":true}]}}