{"id":4961,"date":"2020-02-12T14:40:43","date_gmt":"2020-02-12T14:40:43","guid":{"rendered":"https:\/\/aradesign.dev\/product\/i-g-p-sicilia-geschenk\/"},"modified":"2021-03-11T14:14:47","modified_gmt":"2021-03-11T14:14:47","slug":"i-g-p-sicilia-geschenk","status":"publish","type":"product","link":"https:\/\/sabo1845.com\/fr\/produit\/i-g-p-sicilia-geschenk\/","title":{"rendered":"I.G.P. SICILIA emballage cadeau"},"content":{"rendered":"<p>\u00abDalla Sicilia con amore\u00bb<\/p>\n<p>Un produit unique qui s\u2019inspire des couleurs et des saveurs de notre terre chaleureuse. Un r\u00e9gal pour tous les sens. Une huile d&#8217;olive vierge extra sicilienne au label d\u2019indication g\u00e9ographique prot\u00e9g\u00e9e, produite \u00e0 partir d\u2019olives r\u00e9colt\u00e9es exclusivement dans les territoires des communes de Sicile : Il en r\u00e9sulte une harmonie unique de facteurs humains et environnementaux typiques du territoire. La certification IGP Sicile est un label puissant, efficace et unique pour affirmer l&#8217;origine de notre huile d&#8217;olive vierge extra et la marque Sicile, offrant la promotion id\u00e9ale de notre origine et de notre territoire.<\/p>\n<p>L&#8217;emballage cylindrique contient une bouteille de 750 ml.<\/p>\n<p>&nbsp;<\/p>\n","protected":false},"excerpt":{"rendered":"<p>\u00abDalla Sicilia con amore\u00bb Un produit unique qui s\u2019inspire des couleurs et des saveurs de notre terre chaleureuse. Un r\u00e9gal<span class=\"excerpt-hellip\"> [\u2026]<\/span><\/p>\n","protected":false},"featured_media":2135,"comment_status":"open","ping_status":"closed","template":"","meta":[],"product_cat":[177],"product_tag":[],"wpr_featured_image":["https:\/\/sabo1845.com\/wp-content\/uploads\/2020\/02\/IGP_CILINDRO_giftbox-150x150.jpg",150,150,true],"_links":{"self":[{"href":"https:\/\/sabo1845.com\/fr\/wp-json\/wp\/v2\/product\/4961"}],"collection":[{"href":"https:\/\/sabo1845.com\/fr\/wp-json\/wp\/v2\/product"}],"about":[{"href":"https:\/\/sabo1845.com\/fr\/wp-json\/wp\/v2\/types\/product"}],"replies":[{"embeddable":true,"href":"https:\/\/sabo1845.com\/fr\/wp-json\/wp\/v2\/comments?post=4961"}],"wp:featuredmedia":[{"embeddable":true,"href":"https:\/\/sabo1845.com\/fr\/wp-json\/wp\/v2\/media\/2135"}],"wp:attachment":[{"href":"https:\/\/sabo1845.com\/fr\/wp-json\/wp\/v2\/media?parent=4961"}],"wp:term":[{"taxonomy":"product_cat","embeddable":true,"href":"https:\/\/sabo1845.com\/fr\/wp-json\/wp\/v2\/product_cat?post=4961"},{"taxonomy":"product_tag","embeddable":true,"href":"https:\/\/sabo1845.com\/fr\/wp-json\/wp\/v2\/product_tag?post=4961"}],"curies":[{"name":"wp","href":"https:\/\/api.w.org\/{rel}","templated":true}]}}