{"id":4993,"date":"2020-09-24T13:03:59","date_gmt":"2020-09-24T13:03:59","guid":{"rendered":"https:\/\/aradesign.dev\/product\/traubenkernoel-3\/"},"modified":"2022-04-11T10:02:27","modified_gmt":"2022-04-11T10:02:27","slug":"traubenkernoel-3","status":"publish","type":"product","link":"https:\/\/sabo1845.com\/fr\/produit\/traubenkernoel-3\/","title":{"rendered":"Huile de P\u00e9pins de Raisin"},"content":{"rendered":"<p>Cette huile pr\u00e9sente une saveur intense et subtile, de couleur claire et l\u00e9g\u00e8re au palais. Une part de cette huile obtenue des p\u00e9pins press\u00e9s \u00e0 froid lui donne un l\u00e9ger go\u00fbt de vinaigre. L&#8217;huile peut \u00eatre utilis\u00e9e de multiples fa\u00e7ons en cuisine\u00a0: la pr\u00e9paration de sauces ou comme assaisonnement pour les salades, sans ajout de vinaigre.<\/p>\n","protected":false},"excerpt":{"rendered":"<p>Cette huile pr\u00e9sente une saveur intense et subtile, de couleur claire et l\u00e9g\u00e8re au palais. Une part de cette huile<span class=\"excerpt-hellip\"> [\u2026]<\/span><\/p>\n","protected":false},"featured_media":6756,"comment_status":"open","ping_status":"closed","template":"","meta":[],"product_cat":[166,169,170],"product_tag":[],"wpr_featured_image":["https:\/\/sabo1845.com\/wp-content\/uploads\/2021\/08\/sabo_gc_vinacciolo_3d_c_250ml-150x150.jpg",150,150,true],"_links":{"self":[{"href":"https:\/\/sabo1845.com\/fr\/wp-json\/wp\/v2\/product\/4993"}],"collection":[{"href":"https:\/\/sabo1845.com\/fr\/wp-json\/wp\/v2\/product"}],"about":[{"href":"https:\/\/sabo1845.com\/fr\/wp-json\/wp\/v2\/types\/product"}],"replies":[{"embeddable":true,"href":"https:\/\/sabo1845.com\/fr\/wp-json\/wp\/v2\/comments?post=4993"}],"wp:featuredmedia":[{"embeddable":true,"href":"https:\/\/sabo1845.com\/fr\/wp-json\/wp\/v2\/media\/6756"}],"wp:attachment":[{"href":"https:\/\/sabo1845.com\/fr\/wp-json\/wp\/v2\/media?parent=4993"}],"wp:term":[{"taxonomy":"product_cat","embeddable":true,"href":"https:\/\/sabo1845.com\/fr\/wp-json\/wp\/v2\/product_cat?post=4993"},{"taxonomy":"product_tag","embeddable":true,"href":"https:\/\/sabo1845.com\/fr\/wp-json\/wp\/v2\/product_tag?post=4993"}],"curies":[{"name":"wp","href":"https:\/\/api.w.org\/{rel}","templated":true}]}}