{"id":4997,"date":"2019-11-07T22:24:30","date_gmt":"2019-11-07T22:24:30","guid":{"rendered":"https:\/\/aradesign.dev\/product\/mandeloel\/"},"modified":"2022-04-11T10:05:46","modified_gmt":"2022-04-11T10:05:46","slug":"mandeloel","status":"publish","type":"product","link":"https:\/\/sabo1845.com\/fr\/produit\/mandeloel\/","title":{"rendered":"Huile d&#8217;Amande"},"content":{"rendered":"<p>Du fruit d\u2019amande est extraite une huile limpide et parfum\u00e9e, dont les toutes caract\u00e9ristiques originales de l&#8217; amande sont conserv\u00e9es. Son go\u00fbt est d\u00e9licat et savoureux et apportera une touche sp\u00e9ciale \u00e0 vos recettes tant sucr\u00e9es que sal\u00e9es.<\/p>\n","protected":false},"excerpt":{"rendered":"<p>Du fruit d\u2019amande est extraite une huile limpide et parfum\u00e9e, dont les toutes caract\u00e9ristiques originales de l&#8217; amande sont conserv\u00e9es.<span class=\"excerpt-hellip\"> [\u2026]<\/span><\/p>\n","protected":false},"featured_media":10803,"comment_status":"open","ping_status":"closed","template":"","meta":[],"product_cat":[166,169,170],"product_tag":[],"wpr_featured_image":["https:\/\/sabo1845.com\/wp-content\/uploads\/2024\/11\/2024_sabo_gc_mandorla_3d_250ml_WEB-150x150.jpg",150,150,true],"_links":{"self":[{"href":"https:\/\/sabo1845.com\/fr\/wp-json\/wp\/v2\/product\/4997"}],"collection":[{"href":"https:\/\/sabo1845.com\/fr\/wp-json\/wp\/v2\/product"}],"about":[{"href":"https:\/\/sabo1845.com\/fr\/wp-json\/wp\/v2\/types\/product"}],"replies":[{"embeddable":true,"href":"https:\/\/sabo1845.com\/fr\/wp-json\/wp\/v2\/comments?post=4997"}],"wp:featuredmedia":[{"embeddable":true,"href":"https:\/\/sabo1845.com\/fr\/wp-json\/wp\/v2\/media\/10803"}],"wp:attachment":[{"href":"https:\/\/sabo1845.com\/fr\/wp-json\/wp\/v2\/media?parent=4997"}],"wp:term":[{"taxonomy":"product_cat","embeddable":true,"href":"https:\/\/sabo1845.com\/fr\/wp-json\/wp\/v2\/product_cat?post=4997"},{"taxonomy":"product_tag","embeddable":true,"href":"https:\/\/sabo1845.com\/fr\/wp-json\/wp\/v2\/product_tag?post=4997"}],"curies":[{"name":"wp","href":"https:\/\/api.w.org\/{rel}","templated":true}]}}