{"id":4999,"date":"2019-11-07T22:23:37","date_gmt":"2019-11-07T22:23:37","guid":{"rendered":"https:\/\/aradesign.dev\/product\/kuerbiskernoel\/"},"modified":"2021-12-06T14:01:54","modified_gmt":"2021-12-06T14:01:54","slug":"kuerbiskernoel","status":"publish","type":"product","link":"https:\/\/sabo1845.com\/fr\/produit\/kuerbiskernoel\/","title":{"rendered":"Huile de p\u00e9pins de courge biologique, econature"},"content":{"rendered":"<p>Id\u00e9ale pour agr\u00e9menter les salades, les soupes, les plats chauds et les fromages.<\/p>\n","protected":false},"excerpt":{"rendered":"<p>PRESSEE A FROID<\/p>\n","protected":false},"featured_media":2410,"comment_status":"open","ping_status":"closed","template":"","meta":[],"product_cat":[188],"product_tag":[],"wpr_featured_image":["https:\/\/sabo1845.com\/wp-content\/uploads\/2019\/11\/ECONATURE-OLIO-DI-ZUCCA-TOSTATO_250ml-copy-3-386x1024_SM-150x150.jpg",150,150,true],"_links":{"self":[{"href":"https:\/\/sabo1845.com\/fr\/wp-json\/wp\/v2\/product\/4999"}],"collection":[{"href":"https:\/\/sabo1845.com\/fr\/wp-json\/wp\/v2\/product"}],"about":[{"href":"https:\/\/sabo1845.com\/fr\/wp-json\/wp\/v2\/types\/product"}],"replies":[{"embeddable":true,"href":"https:\/\/sabo1845.com\/fr\/wp-json\/wp\/v2\/comments?post=4999"}],"wp:featuredmedia":[{"embeddable":true,"href":"https:\/\/sabo1845.com\/fr\/wp-json\/wp\/v2\/media\/2410"}],"wp:attachment":[{"href":"https:\/\/sabo1845.com\/fr\/wp-json\/wp\/v2\/media?parent=4999"}],"wp:term":[{"taxonomy":"product_cat","embeddable":true,"href":"https:\/\/sabo1845.com\/fr\/wp-json\/wp\/v2\/product_cat?post=4999"},{"taxonomy":"product_tag","embeddable":true,"href":"https:\/\/sabo1845.com\/fr\/wp-json\/wp\/v2\/product_tag?post=4999"}],"curies":[{"name":"wp","href":"https:\/\/api.w.org\/{rel}","templated":true}]}}