{"id":5021,"date":"2019-11-07T22:24:44","date_gmt":"2019-11-07T22:24:44","guid":{"rendered":"https:\/\/aradesign.dev\/product\/disteloel-3\/"},"modified":"2022-04-11T10:03:39","modified_gmt":"2022-04-11T10:03:39","slug":"disteloel-3","status":"publish","type":"product","link":"https:\/\/sabo1845.com\/fr\/produit\/disteloel-3\/","title":{"rendered":"Huile de Carthame"},"content":{"rendered":"<p>Le Carthame des teinturiers, aussi appel\u00e9 \u00ab\u00a0faux safran\u00a0\u00bb doit son nom \u00e0 la fleur contenant des mati\u00e8res colorantes, comme la carthamine qui a \u00e9t\u00e9 longtemps utilis\u00e9e en teinturerie. L\u2019huile de Carthame fluide et de couleur jaune p\u00e2le, est obtenue des graines de cette plante. Elle poss\u00e8de une odeur d\u00e9licate, un go\u00fbt l\u00e9ger et une saveur douce. Cette huile accompagnera \u00e0 merveille vos salades, crudit\u00e9s et est id\u00e9al pour la pr\u00e9paration de mayonnaise. \u00a0<\/p>\n","protected":false},"excerpt":{"rendered":"<p>Le Carthame des teinturiers, aussi appel\u00e9 \u00ab\u00a0faux safran\u00a0\u00bb doit son nom \u00e0 la fleur contenant des mati\u00e8res colorantes, comme la<span class=\"excerpt-hellip\"> [\u2026]<\/span><\/p>\n","protected":false},"featured_media":6812,"comment_status":"open","ping_status":"closed","template":"","meta":[],"product_cat":[166,169,170],"product_tag":[],"wpr_featured_image":["https:\/\/sabo1845.com\/wp-content\/uploads\/2021\/08\/sabo_gc_cartamo_3d_c_500ml-150x150.jpg",150,150,true],"_links":{"self":[{"href":"https:\/\/sabo1845.com\/fr\/wp-json\/wp\/v2\/product\/5021"}],"collection":[{"href":"https:\/\/sabo1845.com\/fr\/wp-json\/wp\/v2\/product"}],"about":[{"href":"https:\/\/sabo1845.com\/fr\/wp-json\/wp\/v2\/types\/product"}],"replies":[{"embeddable":true,"href":"https:\/\/sabo1845.com\/fr\/wp-json\/wp\/v2\/comments?post=5021"}],"wp:featuredmedia":[{"embeddable":true,"href":"https:\/\/sabo1845.com\/fr\/wp-json\/wp\/v2\/media\/6812"}],"wp:attachment":[{"href":"https:\/\/sabo1845.com\/fr\/wp-json\/wp\/v2\/media?parent=5021"}],"wp:term":[{"taxonomy":"product_cat","embeddable":true,"href":"https:\/\/sabo1845.com\/fr\/wp-json\/wp\/v2\/product_cat?post=5021"},{"taxonomy":"product_tag","embeddable":true,"href":"https:\/\/sabo1845.com\/fr\/wp-json\/wp\/v2\/product_tag?post=5021"}],"curies":[{"name":"wp","href":"https:\/\/api.w.org\/{rel}","templated":true}]}}