{"id":5034,"date":"2019-11-07T22:24:17","date_gmt":"2019-11-07T22:24:17","guid":{"rendered":"https:\/\/aradesign.dev\/product\/wokoel-ingwer-lemongras\/"},"modified":"2022-04-11T10:06:42","modified_gmt":"2022-04-11T10:06:42","slug":"wokoel-ingwer-lemongras","status":"publish","type":"product","link":"https:\/\/sabo1845.com\/fr\/produit\/wokoel-ingwer-lemongras\/","title":{"rendered":"Huile Wok &#8211; Gingembre et Citronnelle"},"content":{"rendered":"<p>Un m\u00e9lange subtil entre l\u2019huile de colza press\u00e9e \u00e0 froid, l&#8217;huile naturelle de citronnelle et l&#8217;extrait de gingembre. Cette huile est une sp\u00e9cialit\u00e9 authentique pour les amateurs d\u2019\u00e9pices et apportera une touche rafra\u00eechissante \u00e0 vos plats asiatiques. Conseill\u00e9e pour les l\u00e9gumes cuisin\u00e9s au wok, le poisson ou la volaille et le tofu. Elle apporte non seulement un l\u00e9ger go\u00fbt piquant aux soupes, sauces et vinaigrettes, mais aussi une touche exotique \u00e0 vos desserts.<\/p>\n","protected":false},"excerpt":{"rendered":"<p>Un m\u00e9lange subtil entre l\u2019huile de colza press\u00e9e \u00e0 froid, l&#8217;huile naturelle de citronnelle et l&#8217;extrait de gingembre. Cette huile<span class=\"excerpt-hellip\"> [\u2026]<\/span><\/p>\n","protected":false},"featured_media":6752,"comment_status":"open","ping_status":"closed","template":"","meta":[],"product_cat":[169,170],"product_tag":[],"wpr_featured_image":["https:\/\/sabo1845.com\/wp-content\/uploads\/2021\/08\/sabo_gc_wok_3d_250ml-150x150.jpg",150,150,true],"_links":{"self":[{"href":"https:\/\/sabo1845.com\/fr\/wp-json\/wp\/v2\/product\/5034"}],"collection":[{"href":"https:\/\/sabo1845.com\/fr\/wp-json\/wp\/v2\/product"}],"about":[{"href":"https:\/\/sabo1845.com\/fr\/wp-json\/wp\/v2\/types\/product"}],"replies":[{"embeddable":true,"href":"https:\/\/sabo1845.com\/fr\/wp-json\/wp\/v2\/comments?post=5034"}],"wp:featuredmedia":[{"embeddable":true,"href":"https:\/\/sabo1845.com\/fr\/wp-json\/wp\/v2\/media\/6752"}],"wp:attachment":[{"href":"https:\/\/sabo1845.com\/fr\/wp-json\/wp\/v2\/media?parent=5034"}],"wp:term":[{"taxonomy":"product_cat","embeddable":true,"href":"https:\/\/sabo1845.com\/fr\/wp-json\/wp\/v2\/product_cat?post=5034"},{"taxonomy":"product_tag","embeddable":true,"href":"https:\/\/sabo1845.com\/fr\/wp-json\/wp\/v2\/product_tag?post=5034"}],"curies":[{"name":"wp","href":"https:\/\/api.w.org\/{rel}","templated":true}]}}