{"id":5035,"date":"2019-11-07T22:24:15","date_gmt":"2019-11-07T22:24:15","guid":{"rendered":"https:\/\/aradesign.dev\/product\/olivenoel-mit-zitrone-aromatisiert\/"},"modified":"2022-04-11T10:56:42","modified_gmt":"2022-04-11T10:56:42","slug":"olivenoel-mit-zitrone-aromatisiert","status":"publish","type":"product","link":"https:\/\/sabo1845.com\/fr\/produit\/olivenoel-mit-zitrone-aromatisiert\/","title":{"rendered":"Huile d\u2019Olive aromatis\u00e9e au Citron"},"content":{"rendered":"<p>L\u2019huile d\u2019olive aromatis\u00e9e au citron s\u2019harmonise parfaitement avec vos sauces vinaigrettes, vos plats de p\u00e2tes raffin\u00e9s en sauce ou sans, viandes, poissons et crustac\u00e9s. Excellente pour la pr\u00e9paration de desserts n\u00e9cessitant l\u2019utilisation de l\u2019\u00e9corce de citron. Quelques gouttes suffiront pour exalter l\u2019ar\u00f4me de vos plats.<\/p>\n","protected":false},"excerpt":{"rendered":"<p>L\u2019huile d\u2019olive aromatis\u00e9e au citron s\u2019harmonise parfaitement avec vos sauces vinaigrettes, vos plats de p\u00e2tes raffin\u00e9s en sauce ou sans,<span class=\"excerpt-hellip\"> [\u2026]<\/span><\/p>\n","protected":false},"featured_media":7083,"comment_status":"open","ping_status":"closed","template":"","meta":[],"product_cat":[166,169,170],"product_tag":[],"wpr_featured_image":["https:\/\/sabo1845.com\/wp-content\/uploads\/2021\/09\/sabo_gc_limone_3d_c_250ml_v0-150x150.jpg",150,150,true],"_links":{"self":[{"href":"https:\/\/sabo1845.com\/fr\/wp-json\/wp\/v2\/product\/5035"}],"collection":[{"href":"https:\/\/sabo1845.com\/fr\/wp-json\/wp\/v2\/product"}],"about":[{"href":"https:\/\/sabo1845.com\/fr\/wp-json\/wp\/v2\/types\/product"}],"replies":[{"embeddable":true,"href":"https:\/\/sabo1845.com\/fr\/wp-json\/wp\/v2\/comments?post=5035"}],"wp:featuredmedia":[{"embeddable":true,"href":"https:\/\/sabo1845.com\/fr\/wp-json\/wp\/v2\/media\/7083"}],"wp:attachment":[{"href":"https:\/\/sabo1845.com\/fr\/wp-json\/wp\/v2\/media?parent=5035"}],"wp:term":[{"taxonomy":"product_cat","embeddable":true,"href":"https:\/\/sabo1845.com\/fr\/wp-json\/wp\/v2\/product_cat?post=5035"},{"taxonomy":"product_tag","embeddable":true,"href":"https:\/\/sabo1845.com\/fr\/wp-json\/wp\/v2\/product_tag?post=5035"}],"curies":[{"name":"wp","href":"https:\/\/api.w.org\/{rel}","templated":true}]}}