{"id":5037,"date":"2019-11-07T22:24:14","date_gmt":"2019-11-07T22:24:14","guid":{"rendered":"https:\/\/aradesign.dev\/product\/walnussoel-2\/"},"modified":"2022-04-11T10:59:04","modified_gmt":"2022-04-11T10:59:04","slug":"walnussoel-2","status":"publish","type":"product","link":"https:\/\/sabo1845.com\/fr\/produit\/walnussoel-2\/","title":{"rendered":"Huile de Noix"},"content":{"rendered":"<p>Cette huile particuli\u00e8rement gourmande, conf\u00e8rera \u00e0 vos plats un l\u00e9ger go\u00fbt de noix, accompagnera \u00e0 merveille vos salades, poissons ou fromages. Id\u00e9ale en filet sur des l\u00e9gumes grill\u00e9s et m\u00eame en dessert. Elle ne doit pas \u00eatre chauff\u00e9e.<\/p>\n","protected":false},"excerpt":{"rendered":"<p>Cette huile particuli\u00e8rement gourmande, conf\u00e8rera \u00e0 vos plats un l\u00e9ger go\u00fbt de noix, accompagnera \u00e0 merveille vos salades, poissons ou<span class=\"excerpt-hellip\"> [\u2026]<\/span><\/p>\n","protected":false},"featured_media":6780,"comment_status":"open","ping_status":"closed","template":"","meta":[],"product_cat":[166,169,170],"product_tag":[],"wpr_featured_image":["https:\/\/sabo1845.com\/wp-content\/uploads\/2021\/08\/sabo_gc_noce_3d_c_250ml-150x150.jpg",150,150,true],"_links":{"self":[{"href":"https:\/\/sabo1845.com\/fr\/wp-json\/wp\/v2\/product\/5037"}],"collection":[{"href":"https:\/\/sabo1845.com\/fr\/wp-json\/wp\/v2\/product"}],"about":[{"href":"https:\/\/sabo1845.com\/fr\/wp-json\/wp\/v2\/types\/product"}],"replies":[{"embeddable":true,"href":"https:\/\/sabo1845.com\/fr\/wp-json\/wp\/v2\/comments?post=5037"}],"wp:featuredmedia":[{"embeddable":true,"href":"https:\/\/sabo1845.com\/fr\/wp-json\/wp\/v2\/media\/6780"}],"wp:attachment":[{"href":"https:\/\/sabo1845.com\/fr\/wp-json\/wp\/v2\/media?parent=5037"}],"wp:term":[{"taxonomy":"product_cat","embeddable":true,"href":"https:\/\/sabo1845.com\/fr\/wp-json\/wp\/v2\/product_cat?post=5037"},{"taxonomy":"product_tag","embeddable":true,"href":"https:\/\/sabo1845.com\/fr\/wp-json\/wp\/v2\/product_tag?post=5037"}],"curies":[{"name":"wp","href":"https:\/\/api.w.org\/{rel}","templated":true}]}}