{"id":5038,"date":"2019-11-07T22:24:13","date_gmt":"2019-11-07T22:24:13","guid":{"rendered":"https:\/\/aradesign.dev\/product\/olivenoel-mit-trueffelextrakt-aromatisiert\/"},"modified":"2022-04-11T10:59:58","modified_gmt":"2022-04-11T10:59:58","slug":"olivenoel-mit-trueffelextrakt-aromatisiert","status":"publish","type":"product","link":"https:\/\/sabo1845.com\/fr\/produit\/olivenoel-mit-trueffelextrakt-aromatisiert\/","title":{"rendered":"Huile d\u2019Olive aromatis\u00e9e \u00e0 la Truffe Blanche"},"content":{"rendered":"<p>L\u2019huile d\u2019olive aromatis\u00e9e \u00e0 la true blanche est particuli\u00e8rement appr\u00e9ci\u00e9e pour son go\u00fbt intense mais d\u00e9licat. Elle enrichira vos bruschettas, p\u00e2tes, Risottos, r\u00f4tis et viandes grill\u00e9es. Quelques gouttes suffiront pour exalter l\u2019ar\u00f4me de vos plats.<\/p>\n","protected":false},"excerpt":{"rendered":"<p>L\u2019huile d\u2019olive aromatis\u00e9e \u00e0 la true blanche est particuli\u00e8rement appr\u00e9ci\u00e9e pour son go\u00fbt intense mais d\u00e9licat. Elle enrichira vos bruschettas,<span class=\"excerpt-hellip\"> [\u2026]<\/span><\/p>\n","protected":false},"featured_media":7075,"comment_status":"open","ping_status":"closed","template":"","meta":[],"product_cat":[166,169,170],"product_tag":[],"wpr_featured_image":["https:\/\/sabo1845.com\/wp-content\/uploads\/2021\/09\/sabo_gc_tartufo_3d_c_250ml_v0-150x150.jpg",150,150,true],"_links":{"self":[{"href":"https:\/\/sabo1845.com\/fr\/wp-json\/wp\/v2\/product\/5038"}],"collection":[{"href":"https:\/\/sabo1845.com\/fr\/wp-json\/wp\/v2\/product"}],"about":[{"href":"https:\/\/sabo1845.com\/fr\/wp-json\/wp\/v2\/types\/product"}],"replies":[{"embeddable":true,"href":"https:\/\/sabo1845.com\/fr\/wp-json\/wp\/v2\/comments?post=5038"}],"wp:featuredmedia":[{"embeddable":true,"href":"https:\/\/sabo1845.com\/fr\/wp-json\/wp\/v2\/media\/7075"}],"wp:attachment":[{"href":"https:\/\/sabo1845.com\/fr\/wp-json\/wp\/v2\/media?parent=5038"}],"wp:term":[{"taxonomy":"product_cat","embeddable":true,"href":"https:\/\/sabo1845.com\/fr\/wp-json\/wp\/v2\/product_cat?post=5038"},{"taxonomy":"product_tag","embeddable":true,"href":"https:\/\/sabo1845.com\/fr\/wp-json\/wp\/v2\/product_tag?post=5038"}],"curies":[{"name":"wp","href":"https:\/\/api.w.org\/{rel}","templated":true}]}}