{"id":5039,"date":"2019-11-07T22:24:13","date_gmt":"2019-11-07T22:24:13","guid":{"rendered":"https:\/\/aradesign.dev\/product\/leinoel-2\/"},"modified":"2022-04-11T11:09:07","modified_gmt":"2022-04-11T11:09:07","slug":"leinoel-2","status":"publish","type":"product","link":"https:\/\/sabo1845.com\/fr\/produit\/leinoel-2\/","title":{"rendered":"Huile de Lin, d\u00e9sam\u00e9ris\u00e9e"},"content":{"rendered":"<p>Les Romains l\u2019appelaient \u02baLinum Usitatissimum\u02ba, le lin extr\u00eamement utile. Gr\u00e2ce \u00e0 notre m\u00e9thode de filtration, notre huile est douce et fra\u00eeche en bouche. Elle accompagnera parfaitement les plats froids, les salades, les l\u00e9gumes \u00e0 la vapeur ou brais\u00e9s et les fromages.<\/p>\n","protected":false},"excerpt":{"rendered":"<p>Les Romains l\u2019appelaient \u02baLinum Usitatissimum\u02ba, le lin extr\u00eamement utile. Gr\u00e2ce \u00e0 notre m\u00e9thode de filtration, notre huile est douce et<span class=\"excerpt-hellip\"> [\u2026]<\/span><\/p>\n","protected":false},"featured_media":6796,"comment_status":"open","ping_status":"closed","template":"","meta":[],"product_cat":[166,169,170],"product_tag":[],"wpr_featured_image":["https:\/\/sabo1845.com\/wp-content\/uploads\/2021\/08\/sabo_gc_lino_3d_c_250ml-150x150.jpg",150,150,true],"_links":{"self":[{"href":"https:\/\/sabo1845.com\/fr\/wp-json\/wp\/v2\/product\/5039"}],"collection":[{"href":"https:\/\/sabo1845.com\/fr\/wp-json\/wp\/v2\/product"}],"about":[{"href":"https:\/\/sabo1845.com\/fr\/wp-json\/wp\/v2\/types\/product"}],"replies":[{"embeddable":true,"href":"https:\/\/sabo1845.com\/fr\/wp-json\/wp\/v2\/comments?post=5039"}],"wp:featuredmedia":[{"embeddable":true,"href":"https:\/\/sabo1845.com\/fr\/wp-json\/wp\/v2\/media\/6796"}],"wp:attachment":[{"href":"https:\/\/sabo1845.com\/fr\/wp-json\/wp\/v2\/media?parent=5039"}],"wp:term":[{"taxonomy":"product_cat","embeddable":true,"href":"https:\/\/sabo1845.com\/fr\/wp-json\/wp\/v2\/product_cat?post=5039"},{"taxonomy":"product_tag","embeddable":true,"href":"https:\/\/sabo1845.com\/fr\/wp-json\/wp\/v2\/product_tag?post=5039"}],"curies":[{"name":"wp","href":"https:\/\/api.w.org\/{rel}","templated":true}]}}