{"id":5041,"date":"2019-11-07T22:24:11","date_gmt":"2019-11-07T22:24:11","guid":{"rendered":"https:\/\/aradesign.dev\/product\/haselnussoel-2\/"},"modified":"2022-04-11T11:10:40","modified_gmt":"2022-04-11T11:10:40","slug":"haselnussoel-2","status":"publish","type":"product","link":"https:\/\/sabo1845.com\/fr\/produit\/haselnussoel-2\/","title":{"rendered":"Huile de Noisette"},"content":{"rendered":"<p>Cette huile a le go\u00fbt typique du fruit, obtenue par la pression \u00e0 froid de la noisette grill\u00e9e. Une huile merveilleuse \u00e0 utiliser avec les salades et les plats au fromage. Son ar\u00f4me particulier la rend indispensable \u00e0 la pr\u00e9paration de biscuits, g\u00e2teaux et desserts. Conseill\u00e9e \u00e9galement pour exalter votre fondue bourguignonne.<\/p>\n<p><em>\u00a0<\/em><\/p>\n","protected":false},"excerpt":{"rendered":"<p>Cette huile a le go\u00fbt typique du fruit, obtenue par la pression \u00e0 froid de la noisette grill\u00e9e. Une huile<span class=\"excerpt-hellip\"> [\u2026]<\/span><\/p>\n","protected":false},"featured_media":6788,"comment_status":"open","ping_status":"closed","template":"","meta":[],"product_cat":[166,169,170],"product_tag":[],"wpr_featured_image":["https:\/\/sabo1845.com\/wp-content\/uploads\/2021\/08\/sabo_gc_nocciola_3d_c_500ml-150x150.jpg",150,150,true],"_links":{"self":[{"href":"https:\/\/sabo1845.com\/fr\/wp-json\/wp\/v2\/product\/5041"}],"collection":[{"href":"https:\/\/sabo1845.com\/fr\/wp-json\/wp\/v2\/product"}],"about":[{"href":"https:\/\/sabo1845.com\/fr\/wp-json\/wp\/v2\/types\/product"}],"replies":[{"embeddable":true,"href":"https:\/\/sabo1845.com\/fr\/wp-json\/wp\/v2\/comments?post=5041"}],"wp:featuredmedia":[{"embeddable":true,"href":"https:\/\/sabo1845.com\/fr\/wp-json\/wp\/v2\/media\/6788"}],"wp:attachment":[{"href":"https:\/\/sabo1845.com\/fr\/wp-json\/wp\/v2\/media?parent=5041"}],"wp:term":[{"taxonomy":"product_cat","embeddable":true,"href":"https:\/\/sabo1845.com\/fr\/wp-json\/wp\/v2\/product_cat?post=5041"},{"taxonomy":"product_tag","embeddable":true,"href":"https:\/\/sabo1845.com\/fr\/wp-json\/wp\/v2\/product_tag?post=5041"}],"curies":[{"name":"wp","href":"https:\/\/api.w.org\/{rel}","templated":true}]}}