{"id":5042,"date":"2019-11-07T22:24:10","date_gmt":"2019-11-07T22:24:10","guid":{"rendered":"https:\/\/aradesign.dev\/product\/sesamoel-3\/"},"modified":"2022-04-11T11:11:28","modified_gmt":"2022-04-11T11:11:28","slug":"sesamoel-3","status":"publish","type":"product","link":"https:\/\/sabo1845.com\/fr\/produit\/sesamoel-3\/","title":{"rendered":"Huile de S\u00e9same"},"content":{"rendered":"<p>Le go\u00fbt d\u00e9licatement torr\u00e9fi\u00e9 de cette huile conf\u00e8rera \u00e0 vos plats une note orientale. Cette huile exceptionnelle \u00e9pouse merveilleusement les plats asiatiques. Id\u00e9ale pour assaisonner le poisson grill\u00e9, la viande et les l\u00e9gumes avant de les servir. Conseill\u00e9e pour exalter la fondue bourguignonne.<\/p>\n","protected":false},"excerpt":{"rendered":"<p>Le go\u00fbt d\u00e9licatement torr\u00e9fi\u00e9 de cette huile conf\u00e8rera \u00e0 vos plats une note orientale. Cette huile exceptionnelle \u00e9pouse merveilleusement les<span class=\"excerpt-hellip\"> [\u2026]<\/span><\/p>\n","protected":false},"featured_media":6764,"comment_status":"open","ping_status":"closed","template":"","meta":[],"product_cat":[166,169,170],"product_tag":[],"wpr_featured_image":["https:\/\/sabo1845.com\/wp-content\/uploads\/2021\/08\/sabo_gc_sesamo_3d_c_250ml-150x150.jpg",150,150,true],"_links":{"self":[{"href":"https:\/\/sabo1845.com\/fr\/wp-json\/wp\/v2\/product\/5042"}],"collection":[{"href":"https:\/\/sabo1845.com\/fr\/wp-json\/wp\/v2\/product"}],"about":[{"href":"https:\/\/sabo1845.com\/fr\/wp-json\/wp\/v2\/types\/product"}],"replies":[{"embeddable":true,"href":"https:\/\/sabo1845.com\/fr\/wp-json\/wp\/v2\/comments?post=5042"}],"wp:featuredmedia":[{"embeddable":true,"href":"https:\/\/sabo1845.com\/fr\/wp-json\/wp\/v2\/media\/6764"}],"wp:attachment":[{"href":"https:\/\/sabo1845.com\/fr\/wp-json\/wp\/v2\/media?parent=5042"}],"wp:term":[{"taxonomy":"product_cat","embeddable":true,"href":"https:\/\/sabo1845.com\/fr\/wp-json\/wp\/v2\/product_cat?post=5042"},{"taxonomy":"product_tag","embeddable":true,"href":"https:\/\/sabo1845.com\/fr\/wp-json\/wp\/v2\/product_tag?post=5042"}],"curies":[{"name":"wp","href":"https:\/\/api.w.org\/{rel}","templated":true}]}}