{"id":5193,"date":"2019-11-07T22:24:37","date_gmt":"2019-11-07T22:24:37","guid":{"rendered":"https:\/\/aradesign.dev\/product\/eminces-de-soja\/"},"modified":"2022-09-08T13:10:28","modified_gmt":"2022-09-08T13:10:28","slug":"eminces-de-soja","status":"publish","type":"product","link":"https:\/\/sabo1845.com\/fr\/produit\/eminces-de-soja\/","title":{"rendered":"\u00c9minc\u00e9s de soja"},"content":{"rendered":"<p>Nos \u00e9minc\u00e9s de soja sont un substitut parfait \u00e0 la viande. \u00a0Du champs au produit final, le soja est sans OGM et 100% biologique. Ils conviennent particuli\u00e8rement aux plats n\u00e9cessitant de gros morceaux, par ex. le Goulache. <strong>\u00a0<\/strong> \u00a0<\/p>\n","protected":false},"excerpt":{"rendered":"<p>BIOLOGIQUE<\/p>\n<p><img loading=\"lazy\" decoding=\"async\" class=\"wp-image-6876 size-medium\" src=\"https:\/\/sabo1845.com\/wp-content\/uploads\/2020\/05\/4_testurato_Sminuzzato-208x300.jpg\" alt=\"\" width=\"208\" height=\"300\" srcset=\"https:\/\/sabo1845.com\/wp-content\/uploads\/2020\/05\/4_testurato_Sminuzzato-208x300.jpg 208w, https:\/\/sabo1845.com\/wp-content\/uploads\/2020\/05\/4_testurato_Sminuzzato-709x1024.jpg 709w, https:\/\/sabo1845.com\/wp-content\/uploads\/2020\/05\/4_testurato_Sminuzzato-768x1109.jpg 768w, https:\/\/sabo1845.com\/wp-content\/uploads\/2020\/05\/4_testurato_Sminuzzato-1064x1536.jpg 1064w, https:\/\/sabo1845.com\/wp-content\/uploads\/2020\/05\/4_testurato_Sminuzzato-1419x2048.jpg 1419w, https:\/\/sabo1845.com\/wp-content\/uploads\/2020\/05\/4_testurato_Sminuzzato-101x146.jpg 101w, https:\/\/sabo1845.com\/wp-content\/uploads\/2020\/05\/4_testurato_Sminuzzato-35x50.jpg 35w, https:\/\/sabo1845.com\/wp-content\/uploads\/2020\/05\/4_testurato_Sminuzzato-52x75.jpg 52w, https:\/\/sabo1845.com\/wp-content\/uploads\/2020\/05\/4_testurato_Sminuzzato-300x433.jpg 300w, https:\/\/sabo1845.com\/wp-content\/uploads\/2020\/05\/4_testurato_Sminuzzato-600x866.jpg 600w, https:\/\/sabo1845.com\/wp-content\/uploads\/2020\/05\/4_testurato_Sminuzzato-scaled.jpg 1773w\" sizes=\"(max-width:767px) 208px, 208px\" \/><\/p>\n","protected":false},"featured_media":7479,"comment_status":"open","ping_status":"closed","template":"","meta":[],"product_cat":[186],"product_tag":[],"wpr_featured_image":["https:\/\/sabo1845.com\/wp-content\/uploads\/2019\/11\/Geschnetzeltes_Gluten_Eurobio-150x150.jpg",150,150,true],"_links":{"self":[{"href":"https:\/\/sabo1845.com\/fr\/wp-json\/wp\/v2\/product\/5193"}],"collection":[{"href":"https:\/\/sabo1845.com\/fr\/wp-json\/wp\/v2\/product"}],"about":[{"href":"https:\/\/sabo1845.com\/fr\/wp-json\/wp\/v2\/types\/product"}],"replies":[{"embeddable":true,"href":"https:\/\/sabo1845.com\/fr\/wp-json\/wp\/v2\/comments?post=5193"}],"wp:featuredmedia":[{"embeddable":true,"href":"https:\/\/sabo1845.com\/fr\/wp-json\/wp\/v2\/media\/7479"}],"wp:attachment":[{"href":"https:\/\/sabo1845.com\/fr\/wp-json\/wp\/v2\/media?parent=5193"}],"wp:term":[{"taxonomy":"product_cat","embeddable":true,"href":"https:\/\/sabo1845.com\/fr\/wp-json\/wp\/v2\/product_cat?post=5193"},{"taxonomy":"product_tag","embeddable":true,"href":"https:\/\/sabo1845.com\/fr\/wp-json\/wp\/v2\/product_tag?post=5193"}],"curies":[{"name":"wp","href":"https:\/\/api.w.org\/{rel}","templated":true}]}}