{"id":5197,"date":"2020-05-14T06:56:38","date_gmt":"2020-05-14T06:56:38","guid":{"rendered":"https:\/\/aradesign.dev\/product\/lanieres-de-soja\/"},"modified":"2021-09-06T10:23:08","modified_gmt":"2021-09-06T10:23:08","slug":"lanieres-de-soja","status":"publish","type":"product","link":"https:\/\/sabo1845.com\/fr\/produit\/lanieres-de-soja\/","title":{"rendered":"Lani\u00e8res de soja"},"content":{"rendered":"<p>Nos lani\u00e8res sont un substitut parfait \u00e0 la viande. Du champs au produit final, le soja utilis\u00e9 est sans OGM et 100% biologique. De par leur forme, elles sont parfaites pour toutes sortes de plats, tels que des plats au wok.<\/p>\n<p>&nbsp;<\/p>\n","protected":false},"excerpt":{"rendered":"<p>BIOLOGIQUE<\/p>\n<p><img loading=\"lazy\" decoding=\"async\" class=\"wp-image-6872 size-medium\" src=\"https:\/\/sabo1845.com\/wp-content\/uploads\/2020\/05\/3_testurato_Straccetti-208x300.jpg\" alt=\"\" width=\"208\" height=\"300\" srcset=\"https:\/\/sabo1845.com\/wp-content\/uploads\/2020\/05\/3_testurato_Straccetti-208x300.jpg 208w, https:\/\/sabo1845.com\/wp-content\/uploads\/2020\/05\/3_testurato_Straccetti-709x1024.jpg 709w, https:\/\/sabo1845.com\/wp-content\/uploads\/2020\/05\/3_testurato_Straccetti-768x1109.jpg 768w, https:\/\/sabo1845.com\/wp-content\/uploads\/2020\/05\/3_testurato_Straccetti-1064x1536.jpg 1064w, https:\/\/sabo1845.com\/wp-content\/uploads\/2020\/05\/3_testurato_Straccetti-1419x2048.jpg 1419w, https:\/\/sabo1845.com\/wp-content\/uploads\/2020\/05\/3_testurato_Straccetti-101x146.jpg 101w, https:\/\/sabo1845.com\/wp-content\/uploads\/2020\/05\/3_testurato_Straccetti-35x50.jpg 35w, https:\/\/sabo1845.com\/wp-content\/uploads\/2020\/05\/3_testurato_Straccetti-52x75.jpg 52w, https:\/\/sabo1845.com\/wp-content\/uploads\/2020\/05\/3_testurato_Straccetti-300x433.jpg 300w, https:\/\/sabo1845.com\/wp-content\/uploads\/2020\/05\/3_testurato_Straccetti-600x866.jpg 600w, https:\/\/sabo1845.com\/wp-content\/uploads\/2020\/05\/3_testurato_Straccetti-scaled.jpg 1773w\" sizes=\"(max-width:767px) 208px, 208px\" \/><\/p>\n","protected":false},"featured_media":7463,"comment_status":"open","ping_status":"closed","template":"","meta":[],"product_cat":[186,317],"product_tag":[],"wpr_featured_image":["https:\/\/sabo1845.com\/wp-content\/uploads\/2022\/01\/Strips-Gluten_Eurobio-150x150.jpg",150,150,true],"_links":{"self":[{"href":"https:\/\/sabo1845.com\/fr\/wp-json\/wp\/v2\/product\/5197"}],"collection":[{"href":"https:\/\/sabo1845.com\/fr\/wp-json\/wp\/v2\/product"}],"about":[{"href":"https:\/\/sabo1845.com\/fr\/wp-json\/wp\/v2\/types\/product"}],"replies":[{"embeddable":true,"href":"https:\/\/sabo1845.com\/fr\/wp-json\/wp\/v2\/comments?post=5197"}],"wp:featuredmedia":[{"embeddable":true,"href":"https:\/\/sabo1845.com\/fr\/wp-json\/wp\/v2\/media\/7463"}],"wp:attachment":[{"href":"https:\/\/sabo1845.com\/fr\/wp-json\/wp\/v2\/media?parent=5197"}],"wp:term":[{"taxonomy":"product_cat","embeddable":true,"href":"https:\/\/sabo1845.com\/fr\/wp-json\/wp\/v2\/product_cat?post=5197"},{"taxonomy":"product_tag","embeddable":true,"href":"https:\/\/sabo1845.com\/fr\/wp-json\/wp\/v2\/product_tag?post=5197"}],"curies":[{"name":"wp","href":"https:\/\/api.w.org\/{rel}","templated":true}]}}