{"id":5199,"date":"2019-11-07T22:24:43","date_gmt":"2019-11-07T22:24:43","guid":{"rendered":"https:\/\/aradesign.dev\/product\/medaillons-de-soja\/"},"modified":"2022-09-08T13:08:14","modified_gmt":"2022-09-08T13:08:14","slug":"medaillons-de-soja","status":"publish","type":"product","link":"https:\/\/sabo1845.com\/fr\/produit\/medaillons-de-soja\/","title":{"rendered":"M\u00e9daillons de soja"},"content":{"rendered":"<p>Nos m\u00e9daillons sont un substitut parfait \u00e0 la viande. Du champs au produit final, le soja utilis\u00e9 est sans OGM et 100% biologique. De par leur forme, ils sont parfaits pour toutes sortes de cuisson et leur grand format permet de les d\u00e9couper pour obtenir la forme souhait\u00e9e.<\/p>\n<p>&nbsp;<\/p>\n","protected":false},"excerpt":{"rendered":"<p>BIOLOGIQUE<\/p>\n<p><img loading=\"lazy\" decoding=\"async\" class=\"wp-image-6880 size-medium\" src=\"https:\/\/sabo1845.com\/wp-content\/uploads\/2020\/05\/5_testurato_Medaglioni-208x300.jpg\" alt=\"\" width=\"208\" height=\"300\" srcset=\"https:\/\/sabo1845.com\/wp-content\/uploads\/2020\/05\/5_testurato_Medaglioni-208x300.jpg 208w, https:\/\/sabo1845.com\/wp-content\/uploads\/2020\/05\/5_testurato_Medaglioni-709x1024.jpg 709w, https:\/\/sabo1845.com\/wp-content\/uploads\/2020\/05\/5_testurato_Medaglioni-768x1109.jpg 768w, https:\/\/sabo1845.com\/wp-content\/uploads\/2020\/05\/5_testurato_Medaglioni-1064x1536.jpg 1064w, https:\/\/sabo1845.com\/wp-content\/uploads\/2020\/05\/5_testurato_Medaglioni-1419x2048.jpg 1419w, https:\/\/sabo1845.com\/wp-content\/uploads\/2020\/05\/5_testurato_Medaglioni-101x146.jpg 101w, https:\/\/sabo1845.com\/wp-content\/uploads\/2020\/05\/5_testurato_Medaglioni-35x50.jpg 35w, https:\/\/sabo1845.com\/wp-content\/uploads\/2020\/05\/5_testurato_Medaglioni-52x75.jpg 52w, https:\/\/sabo1845.com\/wp-content\/uploads\/2020\/05\/5_testurato_Medaglioni-300x433.jpg 300w, https:\/\/sabo1845.com\/wp-content\/uploads\/2020\/05\/5_testurato_Medaglioni-600x866.jpg 600w, https:\/\/sabo1845.com\/wp-content\/uploads\/2020\/05\/5_testurato_Medaglioni-scaled.jpg 1773w\" sizes=\"(max-width:767px) 208px, 208px\" \/><\/p>\n","protected":false},"featured_media":7475,"comment_status":"open","ping_status":"closed","template":"","meta":[],"product_cat":[186],"product_tag":[],"wpr_featured_image":["https:\/\/sabo1845.com\/wp-content\/uploads\/2019\/11\/Medaillos_gluten_Eurobio-150x150.jpg",150,150,true],"_links":{"self":[{"href":"https:\/\/sabo1845.com\/fr\/wp-json\/wp\/v2\/product\/5199"}],"collection":[{"href":"https:\/\/sabo1845.com\/fr\/wp-json\/wp\/v2\/product"}],"about":[{"href":"https:\/\/sabo1845.com\/fr\/wp-json\/wp\/v2\/types\/product"}],"replies":[{"embeddable":true,"href":"https:\/\/sabo1845.com\/fr\/wp-json\/wp\/v2\/comments?post=5199"}],"wp:featuredmedia":[{"embeddable":true,"href":"https:\/\/sabo1845.com\/fr\/wp-json\/wp\/v2\/media\/7475"}],"wp:attachment":[{"href":"https:\/\/sabo1845.com\/fr\/wp-json\/wp\/v2\/media?parent=5199"}],"wp:term":[{"taxonomy":"product_cat","embeddable":true,"href":"https:\/\/sabo1845.com\/fr\/wp-json\/wp\/v2\/product_cat?post=5199"},{"taxonomy":"product_tag","embeddable":true,"href":"https:\/\/sabo1845.com\/fr\/wp-json\/wp\/v2\/product_tag?post=5199"}],"curies":[{"name":"wp","href":"https:\/\/api.w.org\/{rel}","templated":true}]}}