{"id":5201,"date":"2019-11-07T22:23:43","date_gmt":"2019-11-07T22:23:43","guid":{"rendered":"https:\/\/aradesign.dev\/product\/eminces-de-soja-2\/"},"modified":"2021-09-06T11:34:58","modified_gmt":"2021-09-06T11:34:58","slug":"eminces-de-soja-2","status":"publish","type":"product","link":"https:\/\/sabo1845.com\/fr\/produit\/eminces-de-soja-2\/","title":{"rendered":"\u00c9minc\u00e9s de soja"},"content":{"rendered":"<p>Nos \u00e9minc\u00e9s de soja sont un substitut parfait \u00e0 la viande. \u00a0Du champs au produit final, le soja est sans OGM et 100% biologique. Elles conviennent particuli\u00e8rement aux plats n\u00e9cessitant de gros morceaux, par ex. le Goulache.<\/p>\n","protected":false},"excerpt":{"rendered":"<p><img decoding=\"async\" id=\"image-preview-6876\" src=\"https:\/\/sabo1845.com\/wp-admin\/admin-ajax.php?action=imgedit-preview&amp;_ajax_nonce=a846e4f977&amp;postid=6876&amp;rand=77164\" alt=\"\" \/><\/p>\n","protected":false},"featured_media":7388,"comment_status":"open","ping_status":"closed","template":"","meta":[],"product_cat":[186],"product_tag":[],"wpr_featured_image":["https:\/\/sabo1845.com\/wp-content\/uploads\/2021\/12\/Geschnetzeltes-Gastro-150x150.jpg",150,150,true],"_links":{"self":[{"href":"https:\/\/sabo1845.com\/fr\/wp-json\/wp\/v2\/product\/5201"}],"collection":[{"href":"https:\/\/sabo1845.com\/fr\/wp-json\/wp\/v2\/product"}],"about":[{"href":"https:\/\/sabo1845.com\/fr\/wp-json\/wp\/v2\/types\/product"}],"replies":[{"embeddable":true,"href":"https:\/\/sabo1845.com\/fr\/wp-json\/wp\/v2\/comments?post=5201"}],"wp:featuredmedia":[{"embeddable":true,"href":"https:\/\/sabo1845.com\/fr\/wp-json\/wp\/v2\/media\/7388"}],"wp:attachment":[{"href":"https:\/\/sabo1845.com\/fr\/wp-json\/wp\/v2\/media?parent=5201"}],"wp:term":[{"taxonomy":"product_cat","embeddable":true,"href":"https:\/\/sabo1845.com\/fr\/wp-json\/wp\/v2\/product_cat?post=5201"},{"taxonomy":"product_tag","embeddable":true,"href":"https:\/\/sabo1845.com\/fr\/wp-json\/wp\/v2\/product_tag?post=5201"}],"curies":[{"name":"wp","href":"https:\/\/api.w.org\/{rel}","templated":true}]}}