{"id":5203,"date":"2019-11-07T22:23:42","date_gmt":"2019-11-07T22:23:42","guid":{"rendered":"https:\/\/aradesign.dev\/product\/hache-de-soja-2\/"},"modified":"2021-09-06T11:37:57","modified_gmt":"2021-09-06T11:37:57","slug":"hache-de-soja-2","status":"publish","type":"product","link":"https:\/\/sabo1845.com\/fr\/produit\/hache-de-soja-2\/","title":{"rendered":"Hach\u00e9 de soja"},"content":{"rendered":"<p>Notre hach\u00e9\u00a0de soja est un substitut parfait \u00e0 la viande. Du champs au produit final, le soja est sans OGM et 100% biologique. Gr\u00e2ce \u00e0 sa texture fine, il convient particuli\u00e8rement \u00e0 la pr\u00e9paration de plats tels que la sauce bolognaise, les lasagnes ou le hach\u00e9 v\u00e9g\u00e9tarien.<\/p>\n","protected":false},"excerpt":{"rendered":"<p><img decoding=\"async\" id=\"image-preview-6864\" src=\"https:\/\/sabo1845.com\/wp-admin\/admin-ajax.php?action=imgedit-preview&amp;_ajax_nonce=9f2407b237&amp;postid=6864&amp;rand=12607\" alt=\"\" \/><\/p>\n","protected":false},"featured_media":7392,"comment_status":"open","ping_status":"closed","template":"","meta":[],"product_cat":[186],"product_tag":[],"wpr_featured_image":["https:\/\/sabo1845.com\/wp-content\/uploads\/2021\/12\/Gehacktes_gastro-150x150.jpg",150,150,true],"_links":{"self":[{"href":"https:\/\/sabo1845.com\/fr\/wp-json\/wp\/v2\/product\/5203"}],"collection":[{"href":"https:\/\/sabo1845.com\/fr\/wp-json\/wp\/v2\/product"}],"about":[{"href":"https:\/\/sabo1845.com\/fr\/wp-json\/wp\/v2\/types\/product"}],"replies":[{"embeddable":true,"href":"https:\/\/sabo1845.com\/fr\/wp-json\/wp\/v2\/comments?post=5203"}],"wp:featuredmedia":[{"embeddable":true,"href":"https:\/\/sabo1845.com\/fr\/wp-json\/wp\/v2\/media\/7392"}],"wp:attachment":[{"href":"https:\/\/sabo1845.com\/fr\/wp-json\/wp\/v2\/media?parent=5203"}],"wp:term":[{"taxonomy":"product_cat","embeddable":true,"href":"https:\/\/sabo1845.com\/fr\/wp-json\/wp\/v2\/product_cat?post=5203"},{"taxonomy":"product_tag","embeddable":true,"href":"https:\/\/sabo1845.com\/fr\/wp-json\/wp\/v2\/product_tag?post=5203"}],"curies":[{"name":"wp","href":"https:\/\/api.w.org\/{rel}","templated":true}]}}