{"id":5230,"date":"2020-02-13T14:28:29","date_gmt":"2020-02-13T14:28:29","guid":{"rendered":"https:\/\/aradesign.dev\/product\/lorenzo-n-3-2\/"},"modified":"2021-03-11T14:04:24","modified_gmt":"2021-03-11T14:04:24","slug":"lorenzo-n-3-2","status":"publish","type":"product","link":"https:\/\/sabo1845.com\/fr\/produit\/lorenzo-n-3-2\/","title":{"rendered":"LORENZO N\u00b0 3 BIO"},"content":{"rendered":"<p>Cette huile biologique VERGE EXTRA est obtenue \u00e0 partir d\u2019olives portant le merveilleux nom de &#8220;Biancolilla&#8221;. De culture biologique, les olives m\u00fbrissent \u00e0 700m au-dessus de la mer. Il en r\u00e9sulte une huile d&#8217;olive VIERGE EXTRA d&#8217;une grande harmonie, au fruit\u00e9 \u00e9quilibr\u00e9 et au l\u00e9ger go\u00fbt d\u2019amande, \u00a0accompagnant parfaitement \u00e0 tous les l\u00e9gumes ou fromages frais. Gr\u00e2ce \u00e0 son parfum herbac\u00e9 associ\u00e9 \u00e0 une douceur inattendue, elle se marie parfaitement avec les plats de poisson crus et cuits.<\/p>\n","protected":false},"excerpt":{"rendered":"<p>Cette huile biologique VERGE EXTRA est obtenue \u00e0 partir d\u2019olives portant le merveilleux nom de &#8220;Biancolilla&#8221;. De culture biologique, les<span class=\"excerpt-hellip\"> [\u2026]<\/span><\/p>\n","protected":false},"featured_media":2126,"comment_status":"open","ping_status":"closed","template":"","meta":[],"product_cat":[177],"product_tag":[],"wpr_featured_image":["https:\/\/sabo1845.com\/wp-content\/uploads\/2020\/02\/LORENZO-\u00b03-106x150.jpg",106,150,true],"_links":{"self":[{"href":"https:\/\/sabo1845.com\/fr\/wp-json\/wp\/v2\/product\/5230"}],"collection":[{"href":"https:\/\/sabo1845.com\/fr\/wp-json\/wp\/v2\/product"}],"about":[{"href":"https:\/\/sabo1845.com\/fr\/wp-json\/wp\/v2\/types\/product"}],"replies":[{"embeddable":true,"href":"https:\/\/sabo1845.com\/fr\/wp-json\/wp\/v2\/comments?post=5230"}],"wp:featuredmedia":[{"embeddable":true,"href":"https:\/\/sabo1845.com\/fr\/wp-json\/wp\/v2\/media\/2126"}],"wp:attachment":[{"href":"https:\/\/sabo1845.com\/fr\/wp-json\/wp\/v2\/media?parent=5230"}],"wp:term":[{"taxonomy":"product_cat","embeddable":true,"href":"https:\/\/sabo1845.com\/fr\/wp-json\/wp\/v2\/product_cat?post=5230"},{"taxonomy":"product_tag","embeddable":true,"href":"https:\/\/sabo1845.com\/fr\/wp-json\/wp\/v2\/product_tag?post=5230"}],"curies":[{"name":"wp","href":"https:\/\/api.w.org\/{rel}","templated":true}]}}