{"id":5231,"date":"2020-02-13T14:21:11","date_gmt":"2020-02-13T14:21:11","guid":{"rendered":"https:\/\/aradesign.dev\/product\/lorenzo-box-geschenk\/"},"modified":"2020-10-12T13:45:49","modified_gmt":"2020-10-12T13:45:49","slug":"lorenzo-box-geschenk","status":"publish","type":"product","link":"https:\/\/sabo1845.com\/fr\/produit\/lorenzo-box-geschenk\/","title":{"rendered":"LORENZO BOX  emballage cadeau"},"content":{"rendered":"<p>La ligne &#8220;Lorenzo&#8221; est d\u00e9di\u00e9e aux trois g\u00e9n\u00e9rations de la famille Barbera, qui traitent l&#8217;huile d&#8217;olive EXTRA VIERGE avec une grande fiert\u00e9 et savoir-faire.<\/p>\n<p>Le coffret cadeau contient 3 x 500ml<\/p>\n<p><strong>Huile d&#8217;olive vierge extra<br \/><\/strong><\/p>\n<p><span style=\"color: #da291c;\">LORENZO N\u00b01\u00a0<\/span><br \/>BIOLOGIQUE D.O.P., VALLI TRAPANESI, vari\u00e9t\u00e9: Cerasuola 100%<\/p>\n<p><span style=\"color: #da291c;\">LORENZO N\u00b03\u00a0\u00a0<\/span><br \/>BIOLOGIQUE D.O.P. VAL DI MAZARA, vari\u00e9t\u00e9: Biancolilla 100%<\/p>\n<p><span style=\"color: #da291c;\">LORENZO N\u00b05\u00a0<\/span><br \/>D\u00c9NOYAUT\u00c9E, vari\u00e9t\u00e9: Nocellara 100%<\/p>\n","protected":false},"excerpt":{"rendered":"<p>La ligne &#8220;Lorenzo&#8221; est d\u00e9di\u00e9e aux trois g\u00e9n\u00e9rations de la famille Barbera, qui traitent l&#8217;huile d&#8217;olive EXTRA VIERGE avec une<span class=\"excerpt-hellip\"> [\u2026]<\/span><\/p>\n","protected":false},"featured_media":2121,"comment_status":"open","ping_status":"closed","template":"","meta":[],"product_cat":[177],"product_tag":[],"wpr_featured_image":["https:\/\/sabo1845.com\/wp-content\/uploads\/2020\/02\/LORENZO-CONFEZIONE-3x500ML-1_SM-150x150.jpg",150,150,true],"_links":{"self":[{"href":"https:\/\/sabo1845.com\/fr\/wp-json\/wp\/v2\/product\/5231"}],"collection":[{"href":"https:\/\/sabo1845.com\/fr\/wp-json\/wp\/v2\/product"}],"about":[{"href":"https:\/\/sabo1845.com\/fr\/wp-json\/wp\/v2\/types\/product"}],"replies":[{"embeddable":true,"href":"https:\/\/sabo1845.com\/fr\/wp-json\/wp\/v2\/comments?post=5231"}],"wp:featuredmedia":[{"embeddable":true,"href":"https:\/\/sabo1845.com\/fr\/wp-json\/wp\/v2\/media\/2121"}],"wp:attachment":[{"href":"https:\/\/sabo1845.com\/fr\/wp-json\/wp\/v2\/media?parent=5231"}],"wp:term":[{"taxonomy":"product_cat","embeddable":true,"href":"https:\/\/sabo1845.com\/fr\/wp-json\/wp\/v2\/product_cat?post=5231"},{"taxonomy":"product_tag","embeddable":true,"href":"https:\/\/sabo1845.com\/fr\/wp-json\/wp\/v2\/product_tag?post=5231"}],"curies":[{"name":"wp","href":"https:\/\/api.w.org\/{rel}","templated":true}]}}