{"id":5232,"date":"2020-02-10T14:03:54","date_gmt":"2020-02-10T14:03:54","guid":{"rendered":"https:\/\/aradesign.dev\/product\/olio-di-casa-barbera\/"},"modified":"2020-10-30T15:56:14","modified_gmt":"2020-10-30T15:56:14","slug":"olio-di-casa-barbera","status":"publish","type":"product","link":"https:\/\/sabo1845.com\/fr\/produit\/olio-di-casa-barbera\/","title":{"rendered":"Olio di casa Barbera"},"content":{"rendered":"<p>Un m\u00e9lange de diff\u00e9rents cultivars siciliens et des Pouilles pour une huile VIERGE EXTRA de couleur jaune d&#8217;or, d\u2019un ar\u00f4me intense et d\u2019un go\u00fbt fruit\u00e9, id\u00e9ale pour affiner tous les plats authentiques de notre cuisine. Le flacon \u00e0 bouchon m\u00e9canique rappelle l&#8217;ancienne tradition sicilienne.<\/p>\n","protected":false},"excerpt":{"rendered":"<p>Un m\u00e9lange de diff\u00e9rents cultivars siciliens et des Pouilles pour une huile VIERGE EXTRA de couleur jaune d&#8217;or, d\u2019un ar\u00f4me<span class=\"excerpt-hellip\"> [\u2026]<\/span><\/p>\n","protected":false},"featured_media":9201,"comment_status":"open","ping_status":"closed","template":"","meta":[],"product_cat":[177],"product_tag":[],"wpr_featured_image":["https:\/\/sabo1845.com\/wp-content\/uploads\/2020\/02\/OLIO_DI_CASA_CUCINA_1L-150x150.jpg",150,150,true],"_links":{"self":[{"href":"https:\/\/sabo1845.com\/fr\/wp-json\/wp\/v2\/product\/5232"}],"collection":[{"href":"https:\/\/sabo1845.com\/fr\/wp-json\/wp\/v2\/product"}],"about":[{"href":"https:\/\/sabo1845.com\/fr\/wp-json\/wp\/v2\/types\/product"}],"replies":[{"embeddable":true,"href":"https:\/\/sabo1845.com\/fr\/wp-json\/wp\/v2\/comments?post=5232"}],"wp:featuredmedia":[{"embeddable":true,"href":"https:\/\/sabo1845.com\/fr\/wp-json\/wp\/v2\/media\/9201"}],"wp:attachment":[{"href":"https:\/\/sabo1845.com\/fr\/wp-json\/wp\/v2\/media?parent=5232"}],"wp:term":[{"taxonomy":"product_cat","embeddable":true,"href":"https:\/\/sabo1845.com\/fr\/wp-json\/wp\/v2\/product_cat?post=5232"},{"taxonomy":"product_tag","embeddable":true,"href":"https:\/\/sabo1845.com\/fr\/wp-json\/wp\/v2\/product_tag?post=5232"}],"curies":[{"name":"wp","href":"https:\/\/api.w.org\/{rel}","templated":true}]}}