{"id":5233,"date":"2020-02-16T13:58:10","date_gmt":"2020-02-16T13:58:10","guid":{"rendered":"https:\/\/aradesign.dev\/product\/tuttanature-gefiltert\/"},"modified":"2021-03-11T09:17:18","modified_gmt":"2021-03-11T09:17:18","slug":"tuttanature-gefiltert","status":"publish","type":"product","link":"https:\/\/sabo1845.com\/fr\/produit\/tuttanature-gefiltert\/","title":{"rendered":"FILTR\u00c9"},"content":{"rendered":"<p>Cette excellente huile 100% italienne, obtenue \u00e0 partir de la pression \u00e0 froid des olives, est filtr\u00e9e pour obtenir un produit d&#8217;une grande limpidit\u00e9, d\u2019un parfum puissant et d\u2019une saveur douce. L&#8217;harmonie entre l&#8217;ar\u00f4me persistant des olives vertes et une tr\u00e8s l\u00e9g\u00e8re pointe \u00e9pic\u00e9e et am\u00e8re \u00e0 la fois, font de l\u2019huile &#8220;Filtrato&#8221; le grand compagnon des cuisines les plus exigeantes.<\/p>\n","protected":false},"excerpt":{"rendered":"<p>Cette excellente huile 100% italienne, obtenue \u00e0 partir de la pression \u00e0 froid des olives, est filtr\u00e9e pour obtenir un<span class=\"excerpt-hellip\"> [\u2026]<\/span><\/p>\n","protected":false},"featured_media":2107,"comment_status":"open","ping_status":"closed","template":"","meta":[],"product_cat":[177],"product_tag":[],"wpr_featured_image":["https:\/\/sabo1845.com\/wp-content\/uploads\/2020\/02\/FILTRATO-BARBERA_SM-150x150.jpg",150,150,true],"_links":{"self":[{"href":"https:\/\/sabo1845.com\/fr\/wp-json\/wp\/v2\/product\/5233"}],"collection":[{"href":"https:\/\/sabo1845.com\/fr\/wp-json\/wp\/v2\/product"}],"about":[{"href":"https:\/\/sabo1845.com\/fr\/wp-json\/wp\/v2\/types\/product"}],"replies":[{"embeddable":true,"href":"https:\/\/sabo1845.com\/fr\/wp-json\/wp\/v2\/comments?post=5233"}],"wp:featuredmedia":[{"embeddable":true,"href":"https:\/\/sabo1845.com\/fr\/wp-json\/wp\/v2\/media\/2107"}],"wp:attachment":[{"href":"https:\/\/sabo1845.com\/fr\/wp-json\/wp\/v2\/media?parent=5233"}],"wp:term":[{"taxonomy":"product_cat","embeddable":true,"href":"https:\/\/sabo1845.com\/fr\/wp-json\/wp\/v2\/product_cat?post=5233"},{"taxonomy":"product_tag","embeddable":true,"href":"https:\/\/sabo1845.com\/fr\/wp-json\/wp\/v2\/product_tag?post=5233"}],"curies":[{"name":"wp","href":"https:\/\/api.w.org\/{rel}","templated":true}]}}