{"id":5234,"date":"2020-02-15T13:56:34","date_gmt":"2020-02-15T13:56:34","guid":{"rendered":"https:\/\/aradesign.dev\/product\/ungefiltert\/"},"modified":"2021-03-11T09:18:17","modified_gmt":"2021-03-11T09:18:17","slug":"ungefiltert","status":"publish","type":"product","link":"https:\/\/sabo1845.com\/fr\/produit\/ungefiltert\/","title":{"rendered":"NON FILTR\u00c9"},"content":{"rendered":"<p>Les olives press\u00e9es pour cette huile VIERGE EXTRA proviennent des Pouilles et de la Sicile. Ce m\u00e9lange d\u2019olives donne une huile fruit\u00e9e avec un l\u00e9ger arri\u00e8re-go\u00fbt d&#8217;amande douce. L&#8217;huile non filtr\u00e9e, \u00e0 peine obtenue, est directement mise en bouteille apr\u00e8s d\u00e9cantation naturelle.<\/p>\n","protected":false},"excerpt":{"rendered":"<p>Les olives press\u00e9es pour cette huile VIERGE EXTRA proviennent des Pouilles et de la Sicile. Ce m\u00e9lange d\u2019olives donne une<span class=\"excerpt-hellip\"> [\u2026]<\/span><\/p>\n","protected":false},"featured_media":5718,"comment_status":"open","ping_status":"closed","template":"","meta":[],"product_cat":[177],"product_tag":[],"wpr_featured_image":["https:\/\/sabo1845.com\/wp-content\/uploads\/2020\/02\/BARBERA-NON-FILTRATO-150x150.jpg",150,150,true],"_links":{"self":[{"href":"https:\/\/sabo1845.com\/fr\/wp-json\/wp\/v2\/product\/5234"}],"collection":[{"href":"https:\/\/sabo1845.com\/fr\/wp-json\/wp\/v2\/product"}],"about":[{"href":"https:\/\/sabo1845.com\/fr\/wp-json\/wp\/v2\/types\/product"}],"replies":[{"embeddable":true,"href":"https:\/\/sabo1845.com\/fr\/wp-json\/wp\/v2\/comments?post=5234"}],"wp:featuredmedia":[{"embeddable":true,"href":"https:\/\/sabo1845.com\/fr\/wp-json\/wp\/v2\/media\/5718"}],"wp:attachment":[{"href":"https:\/\/sabo1845.com\/fr\/wp-json\/wp\/v2\/media?parent=5234"}],"wp:term":[{"taxonomy":"product_cat","embeddable":true,"href":"https:\/\/sabo1845.com\/fr\/wp-json\/wp\/v2\/product_cat?post=5234"},{"taxonomy":"product_tag","embeddable":true,"href":"https:\/\/sabo1845.com\/fr\/wp-json\/wp\/v2\/product_tag?post=5234"}],"curies":[{"name":"wp","href":"https:\/\/api.w.org\/{rel}","templated":true}]}}