{"id":5235,"date":"2020-02-13T13:31:58","date_gmt":"2020-02-13T13:31:58","guid":{"rendered":"https:\/\/aradesign.dev\/product\/lorenzo-n-1-bio\/"},"modified":"2021-03-11T14:05:15","modified_gmt":"2021-03-11T14:05:15","slug":"lorenzo-n-1-bio","status":"publish","type":"product","link":"https:\/\/sabo1845.com\/fr\/produit\/lorenzo-n-1-bio\/","title":{"rendered":"LORENZO N\u00b0 1 &#8211; BIO"},"content":{"rendered":"<p>Ce monovari\u00e9t\u00e9 de \u00ab\u00a0Cerasuola\u00a0\u00bb provient de d\u2019olives issues d\u2019agriculture biologique, des vall\u00e9es de la r\u00e9gion de Trapani, l&#8217;une des plus prestigieuses r\u00e9gions D.O.P. de la Sicile. Elle poss\u00e8de un fruit\u00e9 intense et la fragrance typique du fruit frais avec une note d\u00e9licate d&#8217;amande. Elle accompagnera particuli\u00e8rement bien les soupes de l\u00e9gumineuses, les viandes rouges et tous les plats \u00e0 base de l\u00e9gumes amers.<\/p>\n","protected":false},"excerpt":{"rendered":"<p>Ce monovari\u00e9t\u00e9 de \u00ab\u00a0Cerasuola\u00a0\u00bb provient de d\u2019olives issues d\u2019agriculture biologique, des vall\u00e9es de la r\u00e9gion de Trapani, l&#8217;une des plus<span class=\"excerpt-hellip\"> [\u2026]<\/span><\/p>\n","protected":false},"featured_media":2130,"comment_status":"open","ping_status":"closed","template":"","meta":[],"product_cat":[177],"product_tag":[],"wpr_featured_image":["https:\/\/sabo1845.com\/wp-content\/uploads\/2020\/02\/LORENZO-\u00b01-1-111x150.jpg",111,150,true],"_links":{"self":[{"href":"https:\/\/sabo1845.com\/fr\/wp-json\/wp\/v2\/product\/5235"}],"collection":[{"href":"https:\/\/sabo1845.com\/fr\/wp-json\/wp\/v2\/product"}],"about":[{"href":"https:\/\/sabo1845.com\/fr\/wp-json\/wp\/v2\/types\/product"}],"replies":[{"embeddable":true,"href":"https:\/\/sabo1845.com\/fr\/wp-json\/wp\/v2\/comments?post=5235"}],"wp:featuredmedia":[{"embeddable":true,"href":"https:\/\/sabo1845.com\/fr\/wp-json\/wp\/v2\/media\/2130"}],"wp:attachment":[{"href":"https:\/\/sabo1845.com\/fr\/wp-json\/wp\/v2\/media?parent=5235"}],"wp:term":[{"taxonomy":"product_cat","embeddable":true,"href":"https:\/\/sabo1845.com\/fr\/wp-json\/wp\/v2\/product_cat?post=5235"},{"taxonomy":"product_tag","embeddable":true,"href":"https:\/\/sabo1845.com\/fr\/wp-json\/wp\/v2\/product_tag?post=5235"}],"curies":[{"name":"wp","href":"https:\/\/api.w.org\/{rel}","templated":true}]}}