{"id":5236,"date":"2020-02-12T14:24:23","date_gmt":"2020-02-12T14:24:23","guid":{"rendered":"https:\/\/aradesign.dev\/product\/igp-sizilien-geschenk\/"},"modified":"2021-03-11T14:18:16","modified_gmt":"2021-03-11T14:18:16","slug":"igp-sizilien-geschenk","status":"publish","type":"product","link":"https:\/\/sabo1845.com\/fr\/produit\/igp-sizilien-geschenk\/","title":{"rendered":"I.G.P. SICILIA emballage cadeau"},"content":{"rendered":"<p>Huile d\u2019olive Vierge Extra Sicile I.G.P. (Indication G\u00e9ographique Prot\u00e9g\u00e9e)<\/p>\n<p>Le coffret cadeau contient deux canettes en aluminium avec :<\/p>\n<ul>\n<li>1 x 500 ml I.G.P. SICILE VIERGE EXTRA<\/li>\n<li>1 x 500 ml I.G.P. SICILE VIERGE EXTRA BIOLOGIQUE<\/li>\n<\/ul>\n<p>Style traditionnelle sicilienne qui met en valeur la qualit\u00e9 d\u00e9licate de l&#8217;huile.<\/p>\n","protected":false},"excerpt":{"rendered":"<p>Huile d\u2019olive Vierge Extra Sicile I.G.P. (Indication G\u00e9ographique Prot\u00e9g\u00e9e) Le coffret cadeau contient deux canettes en aluminium avec : 1<span class=\"excerpt-hellip\"> [\u2026]<\/span><\/p>\n","protected":false},"featured_media":1962,"comment_status":"open","ping_status":"closed","template":"","meta":[],"product_cat":[177],"product_tag":[],"wpr_featured_image":["https:\/\/sabo1845.com\/wp-content\/uploads\/2020\/01\/IGP-SICILIA-CONFEZIONE-NEW-LATTINE-150x150.png",150,150,true],"_links":{"self":[{"href":"https:\/\/sabo1845.com\/fr\/wp-json\/wp\/v2\/product\/5236"}],"collection":[{"href":"https:\/\/sabo1845.com\/fr\/wp-json\/wp\/v2\/product"}],"about":[{"href":"https:\/\/sabo1845.com\/fr\/wp-json\/wp\/v2\/types\/product"}],"replies":[{"embeddable":true,"href":"https:\/\/sabo1845.com\/fr\/wp-json\/wp\/v2\/comments?post=5236"}],"wp:featuredmedia":[{"embeddable":true,"href":"https:\/\/sabo1845.com\/fr\/wp-json\/wp\/v2\/media\/1962"}],"wp:attachment":[{"href":"https:\/\/sabo1845.com\/fr\/wp-json\/wp\/v2\/media?parent=5236"}],"wp:term":[{"taxonomy":"product_cat","embeddable":true,"href":"https:\/\/sabo1845.com\/fr\/wp-json\/wp\/v2\/product_cat?post=5236"},{"taxonomy":"product_tag","embeddable":true,"href":"https:\/\/sabo1845.com\/fr\/wp-json\/wp\/v2\/product_tag?post=5236"}],"curies":[{"name":"wp","href":"https:\/\/api.w.org\/{rel}","templated":true}]}}